{"id":17736,"date":"2023-11-26T09:26:11","date_gmt":"2023-11-26T06:26:11","guid":{"rendered":"https:\/\/arapca.com\/?page_id=17736"},"modified":"2023-11-26T09:29:45","modified_gmt":"2023-11-26T06:29:45","slug":"mufaale-babi","status":"publish","type":"page","link":"https:\/\/arapca.com\/index.php\/arapca-dilbilgisi\/mufaale-babi\/","title":{"rendered":"Muf\u00e2ale Bab\u0131"},"content":{"rendered":"\n<p class=\"has-text-align-center\"><strong>\u0645\u064f\u0641\u0627\u0639\u064e\u0644\u0629 \u0648 \u0641\u0650\u0639\u0627\u0644\u064c<\/strong><\/p>\n\n\n\n<figure class=\"wp-block-embed is-type-video is-provider-youtube wp-block-embed-youtube wp-embed-aspect-4-3 wp-has-aspect-ratio\"><div class=\"wp-block-embed__wrapper\">\n<iframe loading=\"lazy\" title=\"Mufaale Bab\u0131  (Kur&#039;an Arap\u00e7as\u0131 Dersleri) \u0628\u0627\u0628 \u0627\u0644\u0645\u064f\u0641\u0627\u0639\u0644\u0629\" width=\"640\" height=\"480\" src=\"https:\/\/www.youtube.com\/embed\/8R9HnNhcl24?feature=oembed\" frameborder=\"0\" allow=\"accelerometer; autoplay; clipboard-write; encrypted-media; gyroscope; picture-in-picture; web-share\" referrerpolicy=\"strict-origin-when-cross-origin\" allowfullscreen><\/iframe>\n<\/div><\/figure>\n","protected":false},"excerpt":{"rendered":"<p>\u0645\u064f\u0641\u0627\u0639\u064e\u0644\u0629 \u0648 \u0641\u0650\u0639\u0627\u0644\u064c<\/p>\n","protected":false},"author":1,"featured_media":0,"parent":17091,"menu_order":0,"comment_status":"closed","ping_status":"closed","template":"","meta":{"_bbp_topic_count":0,"_bbp_reply_count":0,"_bbp_total_topic_count":0,"_bbp_total_reply_count":0,"_bbp_voice_count":0,"_bbp_anonymous_reply_count":0,"_bbp_topic_count_hidden":0,"_bbp_reply_count_hidden":0,"_bbp_forum_subforum_count":0,"footnotes":""},"class_list":["post-17736","page","type-page","status-publish","hentry"],"jetpack_sharing_enabled":true,"jetpack_likes_enabled":true,"_links":{"self":[{"href":"https:\/\/arapca.com\/index.php\/wp-json\/wp\/v2\/pages\/17736","targetHints":{"allow":["GET"]}}],"collection":[{"href":"https:\/\/arapca.com\/index.php\/wp-json\/wp\/v2\/pages"}],"about":[{"href":"https:\/\/arapca.com\/index.php\/wp-json\/wp\/v2\/types\/page"}],"author":[{"embeddable":true,"href":"https:\/\/arapca.com\/index.php\/wp-json\/wp\/v2\/users\/1"}],"replies":[{"embeddable":true,"href":"https:\/\/arapca.com\/index.php\/wp-json\/wp\/v2\/comments?post=17736"}],"version-history":[{"count":1,"href":"https:\/\/arapca.com\/index.php\/wp-json\/wp\/v2\/pages\/17736\/revisions"}],"predecessor-version":[{"id":17738,"href":"https:\/\/arapca.com\/index.php\/wp-json\/wp\/v2\/pages\/17736\/revisions\/17738"}],"up":[{"embeddable":true,"href":"https:\/\/arapca.com\/index.php\/wp-json\/wp\/v2\/pages\/17091"}],"wp:attachment":[{"href":"https:\/\/arapca.com\/index.php\/wp-json\/wp\/v2\/media?parent=17736"}],"curies":[{"name":"wp","href":"https:\/\/api.w.org\/{rel}","templated":true}]}}