{"id":17729,"date":"2023-11-25T12:18:02","date_gmt":"2023-11-25T09:18:02","guid":{"rendered":"https:\/\/arapca.com\/?page_id=17729"},"modified":"2023-11-25T12:18:05","modified_gmt":"2023-11-25T09:18:05","slug":"tefil-babi","status":"publish","type":"page","link":"https:\/\/arapca.com\/index.php\/tefil-babi\/","title":{"rendered":"Tefil Bab\u0131"},"content":{"rendered":"\n<p>Tef\u00eel Bab\u0131 &#8211; \u0628\u0627\u0628 \u0627\u0644\u062a\u0641\u0639\u064a\u0644<\/p>\n\n\n\n<figure class=\"wp-block-embed is-type-video is-provider-youtube wp-block-embed-youtube wp-embed-aspect-4-3 wp-has-aspect-ratio\"><div class=\"wp-block-embed__wrapper\">\n<iframe loading=\"lazy\" title=\"Tefil Bab\u0131 (Tef&#039;il) Kur&#039;an Arap\u00e7as\u0131 Dersleri -\u0628\u0627\u0628 \u0627\u0644\u062a\u0641\u0639\u064a\u0644\" width=\"640\" height=\"480\" src=\"https:\/\/www.youtube.com\/embed\/IfUEUCw5UQU?feature=oembed\" frameborder=\"0\" allow=\"accelerometer; autoplay; clipboard-write; encrypted-media; gyroscope; picture-in-picture; web-share\" referrerpolicy=\"strict-origin-when-cross-origin\" allowfullscreen><\/iframe>\n<\/div><\/figure>\n","protected":false},"excerpt":{"rendered":"<p>Tef\u00eel Bab\u0131 &#8211; \u0628\u0627\u0628 \u0627\u0644\u062a\u0641\u0639\u064a\u0644<\/p>\n","protected":false},"author":1,"featured_media":0,"parent":0,"menu_order":0,"comment_status":"closed","ping_status":"closed","template":"","meta":{"_bbp_topic_count":0,"_bbp_reply_count":0,"_bbp_total_topic_count":0,"_bbp_total_reply_count":0,"_bbp_voice_count":0,"_bbp_anonymous_reply_count":0,"_bbp_topic_count_hidden":0,"_bbp_reply_count_hidden":0,"_bbp_forum_subforum_count":0,"footnotes":""},"class_list":["post-17729","page","type-page","status-publish","hentry"],"jetpack_sharing_enabled":true,"jetpack_likes_enabled":true,"_links":{"self":[{"href":"https:\/\/arapca.com\/index.php\/wp-json\/wp\/v2\/pages\/17729","targetHints":{"allow":["GET"]}}],"collection":[{"href":"https:\/\/arapca.com\/index.php\/wp-json\/wp\/v2\/pages"}],"about":[{"href":"https:\/\/arapca.com\/index.php\/wp-json\/wp\/v2\/types\/page"}],"author":[{"embeddable":true,"href":"https:\/\/arapca.com\/index.php\/wp-json\/wp\/v2\/users\/1"}],"replies":[{"embeddable":true,"href":"https:\/\/arapca.com\/index.php\/wp-json\/wp\/v2\/comments?post=17729"}],"version-history":[{"count":1,"href":"https:\/\/arapca.com\/index.php\/wp-json\/wp\/v2\/pages\/17729\/revisions"}],"predecessor-version":[{"id":17731,"href":"https:\/\/arapca.com\/index.php\/wp-json\/wp\/v2\/pages\/17729\/revisions\/17731"}],"wp:attachment":[{"href":"https:\/\/arapca.com\/index.php\/wp-json\/wp\/v2\/media?parent=17729"}],"curies":[{"name":"wp","href":"https:\/\/api.w.org\/{rel}","templated":true}]}}