{"id":17670,"date":"2023-11-19T09:37:36","date_gmt":"2023-11-19T06:37:36","guid":{"rendered":"https:\/\/arapca.com\/?page_id=17670"},"modified":"2023-11-19T09:50:01","modified_gmt":"2023-11-19T06:50:01","slug":"tilki-ve-uzum","status":"publish","type":"page","link":"https:\/\/arapca.com\/index.php\/hikayeler\/tilki-ve-uzum\/","title":{"rendered":"Tilki ve \u00dcz\u00fcm"},"content":{"rendered":"\n<p class=\"has-text-align-center has-vivid-red-color has-text-color has-large-font-size\"><strong> \u064f\u0627\u064e\u0644\u062b\u0651\u064e\u0639\u0652\u0644\u064e\u0628\u064f \u0648\u064e\u0627\u0644\u0652\u0639\u0650\u0646\u064e\u0628 <\/strong><\/p>\n\n\n<div class=\"wp-block-image\">\n<figure class=\"aligncenter size-full\"><img data-recalc-dims=\"1\" loading=\"lazy\" decoding=\"async\" width=\"313\" height=\"161\" src=\"https:\/\/i0.wp.com\/arapca.com\/wp-content\/uploads\/2023\/11\/tilkiveuzum.jpeg?resize=313%2C161&#038;ssl=1\" alt=\"\" class=\"wp-image-17673\" srcset=\"https:\/\/i0.wp.com\/arapca.com\/wp-content\/uploads\/2023\/11\/tilkiveuzum.jpeg?w=313&amp;ssl=1 313w, https:\/\/i0.wp.com\/arapca.com\/wp-content\/uploads\/2023\/11\/tilkiveuzum.jpeg?resize=300%2C154&amp;ssl=1 300w\" sizes=\"auto, (max-width: 313px) 100vw, 313px\" \/><\/figure>\n<\/div>\n\n\n<p class=\"has-text-align-right has-large-font-size\">\u0643\u0627\u0646\u064e \u0647\u064f\u0646\u0627\u0643\u064e \u062b\u064e\u0639\u0644\u064e\u0628 \u0635\u064e\u063a\u064a\u0631 \u064a\u064e\u062a\u064e\u0645\u064e\u0634\u0651\u0649 \u0641\u064a \u0627\u0644\u063a\u0627\u0628\u0629\u060c \u0648\u0641\u064e\u062c\u0623\u064e\u0629\u064b \u0631\u064e\u0623\u0649 \u0639\u064f\u0646\u0642\u0648\u062f\u0627\u064b \u0645\u0650\u0646 \u0627\u0644\u0639\u0650\u0646\u064e\u0628 \u064a\u064e\u062a\u064e\u062f\u064e\u0644\u0651\u0649 \u0645\u0650\u0646 \u0623\u064e\u062d\u064e\u062f\u0650 \u0627\u0644\u0623\u064e\u063a\u0635\u0627\u0646 \u0627\u0644\u0645\u064f\u0631\u062a\u064e\u0641\u0650\u0639\u0629\u060c \u0641\u064e\u0642\u0627\u0644: &#8220;\u0647\u0630\u0627 \u0645\u0627 \u0643\u064f\u0646\u062a\u064f \u0623\u064e\u062d\u062a\u0627\u062c\u064f\u0647 \u0644\u0650\u0623\u064f\u0637\u0641\u0650\u0626\u064e \u0639\u064e\u0637\u064e\u0634\u064a&#8221; \u0642\u0627\u0644\u064e \u0627\u0644\u062b\u064e\u0639\u0644\u064e\u0628 \u0644\u0650\u0646\u064e\u0641\u0633\u0650\u0647 \u0645\u064e\u0633\u0631\u0648\u0631\u064b\u0627\u060c \u062b\u064f\u0645\u0651\u064e \u062a\u064e\u0631\u0627\u062c\u064e\u0639\u064e \u0628\u0650\u0636\u0639\u064e \u062e\u064f\u0637\u0648\u0627\u062a\u064d \u0644\u0650\u0644\u0648\u064e\u0631\u0627\u0621\u060c \u0648\u064e\u0642\u064e\u0641\u064e\u0632\u064e \u0645\u064f\u062d\u0627\u0648\u0650\u0644\u0627\u064b \u0627\u0650\u0644\u062a\u0650\u0642\u0627\u0637\u064e \u0627\u0644\u0639\u064f\u0646\u0642\u0648\u062f\u060c \u0644\u064e\u0643\u0650\u0646\u0651\u064e\u0647\u064f \u0641\u064e\u0634\u064e\u0644\u064e\u060c \u0641\u064e\u062d\u0627\u0648\u064e\u0644\u064e \u0645\u064e\u0631\u0651\u064e\u0629\u064b \u062b\u0627\u0646\u0650\u064a\u064e\u0629\u064b \u0648\u064e\u062b\u0627\u0644\u0650\u062b\u064e\u0629\u064b\u060c \u0648\u064e\u0627\u0633\u0652\u062a\u064e\u0645\u064e\u0631\u0651\u064e \u0641\u064a \u0627\u0644\u0645\u064f\u062d\u0627\u0648\u0644\u0629 \u062f\u064f\u0648\u0646 \u062c\u064e\u062f\u0648\u0649\u060c \u0648\u064e\u0623\u064e\u062e\u064a\u0631\u064b\u0627\u060c \u0648\u064e\u0628\u064e\u0639\u062f\u064e \u0623\u064e\u0646 \u0641\u064e\u0642\u064e\u062f\u064e \u0627\u0644\u0623\u064e\u0645\u064e\u0644 \u0633\u0627\u0631 \u0627\u0644\u062b\u0651\u064e\u0639\u0644\u064e\u0628\u064f \u0645\u064f\u0628\u062a\u064e\u0639\u0650\u062f\u064b\u0627 \u0639\u064e\u0646\u0650 \u0627\u0644\u0634\u0651\u064e\u062c\u064e\u0631\u064e\u0629\u060c \u0648\u064e\u0647\u064f\u0648\u064e \u064a\u064e\u0642\u0648\u0644\u064f \u0645\u064f\u062a\u064e\u0643\u064e\u0628\u0651\u0650\u0631\u064b\u0627: &#8220;\u0625\u0646\u0647\u0627 \u062b\u0650\u0645\u0627\u0631\u064c \u062d\u0627\u0645\u0650\u0636\u064e\u0629\u064c \u0639\u064e\u0644\u0649 \u0623\u064e\u064a\u0651\u0650 \u062d\u0627\u0644&#8230; \u0644\u064e\u0645\u0652 \u0623\u064e\u0639\u064f\u062f\u0652 \u0623\u064f\u0631\u064a\u062f\u064f\u0647\u0627!&#8221;<\/p>\n\n\n\n<p class=\"has-text-align-right has-large-font-size\"> <strong>\u0641\u064e\u0627\u0644\u0639\u0650\u0628\u0631\u064e\u0629\u064f \u0645\u0650\u0646\u064e \u0627\u0644\u0642\u0650\u0635\u0651\u064e\u0629 <\/strong>\u0647\u0650\u064a\u064e \u0623\u064e\u0646\u0651\u064e\u0647\u064f \u0645\u0650\u0646\u064e \u0627\u0644\u0633\u0651\u064e\u0647\u0644 \u062c\u0650\u062f\u0651\u0627\u064b \u0627\u0650\u0646\u062a\u0650\u0642\u0627\u062f \u0645\u0627 \u0644\u0627 \u062a\u064e\u0633\u062a\u064e\u0637\u064a\u0639\u064f \u0627\u0644\u0648\u064f\u0635\u0648\u0644 \u0625\u0644\u064e\u064a\u0647.<\/p>\n\n\n\n<p>Hik\u00e2yenin dersi, ula\u015famad\u0131\u011f\u0131n\u0131z\u0131 ele\u015ftirmenin \u00e7ok kolay olmas\u0131d\u0131r.<\/p>\n","protected":false},"excerpt":{"rendered":"<p>\u064f\u0627\u064e\u0644\u062b\u0651\u064e\u0639\u0652\u0644\u064e\u0628\u064f \u0648\u064e\u0627\u0644\u0652\u0639\u0650\u0646\u064e\u0628 \u0643\u0627\u0646\u064e \u0647\u064f\u0646\u0627\u0643\u064e \u062b\u064e\u0639\u0644\u064e\u0628 \u0635\u064e\u063a\u064a\u0631 \u064a\u064e\u062a\u064e\u0645\u064e\u0634\u0651\u0649 \u0641\u064a \u0627\u0644\u063a\u0627\u0628\u0629\u060c \u0648\u0641\u064e\u062c\u0623\u064e\u0629\u064b \u0631\u064e\u0623\u0649 \u0639\u064f\u0646\u0642\u0648\u062f\u0627\u064b \u0645\u0650\u0646 \u0627\u0644\u0639\u0650\u0646\u064e\u0628 \u064a\u064e\u062a\u064e\u062f\u064e\u0644\u0651\u0649 \u0645\u0650\u0646 \u0623\u064e\u062d\u064e\u062f\u0650 \u0627\u0644\u0623\u064e\u063a\u0635\u0627\u0646 \u0627\u0644\u0645\u064f\u0631\u062a\u064e\u0641\u0650\u0639\u0629\u060c \u0641\u064e\u0642\u0627\u0644: &#8220;\u0647\u0630\u0627 \u0645\u0627 \u0643\u064f\u0646\u062a\u064f \u0623\u064e\u062d\u062a\u0627\u062c\u064f\u0647 \u0644\u0650\u0623\u064f\u0637\u0641\u0650\u0626\u064e \u0639\u064e\u0637\u064e\u0634\u064a&#8221; \u0642\u0627\u0644\u064e \u0627\u0644\u062b\u064e\u0639\u0644\u064e\u0628 \u0644\u0650\u0646\u064e\u0641\u0633\u0650\u0647 \u0645\u064e\u0633\u0631\u0648\u0631\u064b\u0627\u060c \u062b\u064f\u0645\u0651\u064e \u062a\u064e\u0631\u0627\u062c\u064e\u0639\u064e \u0628\u0650\u0636\u0639\u064e \u062e\u064f\u0637\u0648\u0627\u062a\u064d \u0644\u0650\u0644\u0648\u064e\u0631\u0627\u0621\u060c \u0648\u064e\u0642\u064e\u0641\u064e\u0632\u064e \u0645\u064f\u062d\u0627\u0648\u0650\u0644\u0627\u064b \u0627\u0650\u0644\u062a\u0650\u0642\u0627\u0637\u064e \u0627\u0644\u0639\u064f\u0646\u0642\u0648\u062f\u060c \u0644\u064e\u0643\u0650\u0646\u0651\u064e\u0647\u064f &hellip; <\/p>\n","protected":false},"author":2,"featured_media":0,"parent":17587,"menu_order":0,"comment_status":"closed","ping_status":"closed","template":"","meta":{"_bbp_topic_count":0,"_bbp_reply_count":0,"_bbp_total_topic_count":0,"_bbp_total_reply_count":0,"_bbp_voice_count":0,"_bbp_anonymous_reply_count":0,"_bbp_topic_count_hidden":0,"_bbp_reply_count_hidden":0,"_bbp_forum_subforum_count":0,"advanced_seo_description":"","jetpack_seo_html_title":"","jetpack_seo_noindex":false,"footnotes":""},"class_list":["post-17670","page","type-page","status-publish","hentry"],"jetpack_sharing_enabled":true,"jetpack_likes_enabled":true,"_links":{"self":[{"href":"https:\/\/arapca.com\/index.php\/wp-json\/wp\/v2\/pages\/17670","targetHints":{"allow":["GET"]}}],"collection":[{"href":"https:\/\/arapca.com\/index.php\/wp-json\/wp\/v2\/pages"}],"about":[{"href":"https:\/\/arapca.com\/index.php\/wp-json\/wp\/v2\/types\/page"}],"author":[{"embeddable":true,"href":"https:\/\/arapca.com\/index.php\/wp-json\/wp\/v2\/users\/2"}],"replies":[{"embeddable":true,"href":"https:\/\/arapca.com\/index.php\/wp-json\/wp\/v2\/comments?post=17670"}],"version-history":[{"count":5,"href":"https:\/\/arapca.com\/index.php\/wp-json\/wp\/v2\/pages\/17670\/revisions"}],"predecessor-version":[{"id":17680,"href":"https:\/\/arapca.com\/index.php\/wp-json\/wp\/v2\/pages\/17670\/revisions\/17680"}],"up":[{"embeddable":true,"href":"https:\/\/arapca.com\/index.php\/wp-json\/wp\/v2\/pages\/17587"}],"wp:attachment":[{"href":"https:\/\/arapca.com\/index.php\/wp-json\/wp\/v2\/media?parent=17670"}],"curies":[{"name":"wp","href":"https:\/\/api.w.org\/{rel}","templated":true}]}}