{"id":17668,"date":"2023-11-19T09:31:20","date_gmt":"2023-11-19T06:31:20","guid":{"rendered":"https:\/\/arapca.com\/?page_id=17668"},"modified":"2023-11-20T09:22:03","modified_gmt":"2023-11-20T06:22:03","slug":"17668-2","status":"publish","type":"page","link":"https:\/\/arapca.com\/index.php\/hikayeler\/17668-2\/","title":{"rendered":"Ser\u00e7e ve Fil"},"content":{"rendered":"\n<p class=\"has-text-align-center has-vivid-red-color has-text-color has-x-large-font-size\"><strong> \u064f\u0627\u064e\u0644\u0652\u0639\u064f\u0635\u0652\u0641\u064f\u0648\u0631\u064f \u0648\u064e\u0627\u0644\u0652\u0641\u0650\u064a\u0644 <\/strong><\/p>\n\n\n<div class=\"wp-block-image\">\n<figure class=\"aligncenter size-full is-resized\"><img data-recalc-dims=\"1\" decoding=\"async\" src=\"https:\/\/i0.wp.com\/arapca.com\/wp-content\/uploads\/2023\/11\/serce.jpg?resize=186%2C103&#038;ssl=1\" alt=\"\" class=\"wp-image-17686\" width=\"186\" height=\"103\" srcset=\"https:\/\/i0.wp.com\/arapca.com\/wp-content\/uploads\/2023\/11\/serce.jpg?w=302&amp;ssl=1 302w, https:\/\/i0.wp.com\/arapca.com\/wp-content\/uploads\/2023\/11\/serce.jpg?resize=300%2C167&amp;ssl=1 300w\" sizes=\"(max-width: 186px) 100vw, 186px\" \/><\/figure>\n<\/div>\n\n\n<p class=\"has-text-align-right has-large-font-size\">\u0641\u064a \u063a\u0627\u0628\u0629\u064d \u0628\u064e\u0639\u064a\u062f\u0629\u064d \u0645\u0644\u064a\u0626\u0629\u064d \u0628\u0650\u0627\u0644\u0623\u064e\u0634\u062c\u0627\u0631\u0650 \u0627\u0644\u0643\u064e\u0628\u064a\u0631\u0629 \u0648\u064e\u0627\u0644\u062c\u064e\u0645\u064a\u0644\u0629\u060c \u0648\u0627\u0644\u062d\u064e\u064a\u064e\u0648\u0627\u0646\u0627\u062a \u0627\u0644\u0643\u064e\u062b\u064a\u0631\u0629 \u0648\u0627\u0644\u0645\u064f\u062a\u064e\u0646\u064e\u0648\u0650\u0651\u0639\u064e\u0629\u060c \u0639\u0627\u0634\u064e \u0639\u064f\u0635\u0641\u0648\u0631\u064c \u0635\u064e\u063a\u064a\u0631\u064c \u0645\u064e\u0639\u064e \u0623\u064f\u0645\u0651\u0650\u0647\u0650 \u0648\u064e\u0625\u062e\u0648\u064e\u062a\u0650\u0647\u0650 \u0641\u064a \u0639\u064f\u0634\u064d\u0651 \u0635\u064e\u063a\u064a\u0631\u064d \u0645\u064e\u0628\u0646\u0650\u064a\u064d\u0651 \u0639\u064e\u0644\u0649 \u0642\u0650\u0645\u064e\u0645\u0650 \u0625\u0650\u062d\u0652\u062f\u0649 \u0627\u0644\u0623\u064e\u0634\u062c\u0627\u0631 \u0627\u0644\u0639\u0627\u0644\u0650\u064a\u0629\u060c \u0648\u0641\u064a \u0623\u064e\u062d\u064e\u062f\u0650 \u0627\u0644\u0623\u064e\u064a\u0651\u0627\u0645\u0650 \u0630\u064e\u0647\u064e\u0628\u064e \u0627\u0644\u0639\u064f\u0635\u0641\u0648\u0631\u0629 \u0627\u0644\u0623\u064f\u0645\u0651 \u0644\u0650\u0644\u0628\u064e\u062d\u062b\u0650 \u0639\u064e\u0646 \u0637\u064e\u0639\u0627\u0645\u064d \u0644\u0650\u0623\u064e\u0628\u0646\u0627\u0626\u0650\u0647\u0627 \u0627\u0644\u0635\u0650\u0651\u063a\u0627\u0631 \u0627\u0644\u0651\u064e\u0630\u064a\u0646\u064e \u0644\u0627 \u064a\u064e\u0633\u062a\u064e\u0637\u0650\u064a\u0639\u0648\u0646 \u0627\u0644\u0637\u0651\u064e\u064a\u064e\u0631\u0627\u0646\u060c \u0648\u0623\u062b\u0646\u0627\u0621 \u063a\u064a\u0627\u0628\u0647\u0627 \u0639\u064e\u0646\u0650 \u0627\u0644\u0639\u064f\u0634\u0650\u0651 \u0647\u064e\u0628\u0651\u064e\u062a \u0631\u064a\u062d\u064c \u0634\u064e\u062f\u064a\u062f\u0629\u064c \u0647\u064e\u0632\u0651\u064e\u062a\u0652 \u0627\u0644\u0639\u0650\u0634\u0651\u064f\u060c \u0641\u064e\u0648\u064e\u0642\u064e\u0639\u064e \u0627\u0644\u0639\u064f\u0635\u0641\u0648\u0631 \u0627\u0644\u0635\u0651\u064e\u063a\u064a\u0631 \u0639\u064e\u0644\u064e\u0649 \u0627\u0644\u0623\u064e\u0631\u0636\u064e. \u0644\u064e\u0645 \u064a\u064e\u0643\u064f\u0646 \u0627\u0644\u0639\u064f\u0635\u0641\u0648\u0631 \u0627\u0644\u0635\u0651\u064e\u063a\u064a\u0631 \u0642\u064e\u062f \u062a\u064e\u0639\u064e\u0644\u0651\u064e\u0645\u064e \u0627\u0644\u0637\u0651\u064e\u064a\u064e\u0631\u0627\u0646\u064e \u0628\u064e\u0639\u062f\u064f\u060c \u0641\u064e\u0628\u064e\u0642\u0650\u064a\u064e \u0641\u064a \u0645\u064e\u0643\u0627\u0646\u0650\u0647 \u062e\u0627\u0626\u0650\u0641\u0627\u064b \u064a\u064e\u0646\u062a\u064e\u0638\u0650\u0631 \u0639\u064e\u0648\u062f\u0629 \u0623\u064f\u0645\u0651\u0650\u0647\u060c \u0648\u0623\u062b\u0646\u0627\u0621 \u0630\u0644\u0650\u0643 \u0645\u064e\u0631\u0651\u064e \u0641\u064a\u0644\u064c \u0637\u064e\u064a\u0651\u0650\u0628\u064c \u064a\u064e\u062a\u064e\u0645\u064e\u0634\u0651\u064e\u0649 \u0641\u064a \u0627\u0644\u063a\u0627\u0628\u0629 \u0628\u0650\u0645\u064e\u0631\u064e\u062d\u064d\u060c \u0648\u064a\u064e\u0636\u0631\u0650\u0628\u064f \u0627\u0644\u0623\u064e\u0631\u0636 \u0628\u0623\u0642\u062f\u0627\u0645\u0647 \u0627\u0644\u0643\u0628\u064a\u0631\u0629\u060c \u0648\u064a\u064f\u063a\u0646\u0651\u064a \u0628\u0650\u0635\u064e\u0648\u062a\u064d \u0639\u0627\u0644\u064d\u060c \u0634\u064e\u0639\u064e\u0631 \u064e\u0627\u0644\u0639\u064f\u0635\u0641\u0648\u0631 \u0628\u0650\u0627\u0644\u0641\u064e\u0632\u0639\u0650 \u0627\u0644\u0634\u0651\u064e\u062f\u064a\u062f\u060c \u0648\u0623\u064e\u062e\u064e\u0630\u064e \u064a\u064f\u062d\u0627\u0648\u0650\u0644 \u0627\u0644\u0627\u0650\u062e\u062a\u0650\u0628\u0627\u0621 \u0645\u0650\u0646 \u0627\u0644\u0641\u064a\u0644\u060c \u0625\u0644\u0651\u0627 \u0623\u064e\u0646\u0651 \u0627\u0644\u0641\u064a\u0644 \u0631\u064e\u0622\u0647\u064f\u060c \u0641\u064e\u0642\u0627\u0644 \u0644\u064e\u0647 :<\/p>\n\n\n<div class=\"wp-block-image\">\n<figure class=\"aligncenter size-full\"><img data-recalc-dims=\"1\" fetchpriority=\"high\" decoding=\"async\" width=\"259\" height=\"194\" src=\"https:\/\/i0.wp.com\/arapca.com\/wp-content\/uploads\/2023\/11\/fil.jpg?resize=259%2C194&#038;ssl=1\" alt=\"\" class=\"wp-image-17685\"\/><\/figure>\n<\/div>\n\n\n<p class=\"has-text-align-right has-large-font-size\"> &#8220;\u0623\u0623\u0646\u062a \u0628\u0650\u062e\u064a\u0631\u064d \u0623\u064e\u064a\u0651\u064f\u0647\u0627 \u0627\u0644\u0639\u064f\u0635\u0641\u0648\u0631 \u0627\u0644\u0635\u0651\u064e\u063a\u064a\u0631 \u0627\u0644\u062c\u064e\u0645\u064a\u0644\u061f \u0647\u064e\u0644 \u0633\u064e\u0642\u064e\u0637\u0652\u062a\u064e \u0645\u0650\u0646 \u0627\u0644\u0634\u0651\u064e\u062c\u064e\u0631\u0629\u061f&#8221;<\/p>\n\n\n\n<p class=\"has-text-align-right has-large-font-size\"> \u0648\u0644\u064e\u0643\u0650\u0646\u0651\u064e \u0627\u0644\u0639\u064f\u0635\u0641\u0648\u0631 \u0643\u0627\u0646 \u062e\u0627\u0626\u0650\u0641\u0627\u064b \u062c\u0650\u062f\u0651\u0627\u064b \u0641\u064e\u0644\u064e\u0645 \u064a\u064e\u0633\u062a\u064e\u0637\u0650\u0639\u0652 \u0623\u064e\u0646\u0652 \u064a\u064f\u062c\u0650\u064a\u0628\u064e \u0627\u0644\u0641\u064a\u0644\u060c \u0648\u0643\u0627\u0646 \u064a\u0631\u062a\u0639\u062f \u0628\u0650\u0634\u0650\u062f\u0651\u064e\u0629\u064d \u0645\u0650\u0646 \u0627\u0644\u062e\u064e\u0648\u0641\u0650 \u0648\u0627\u0644\u0628\u064e\u0631\u062f\u0650\u060c \u0641\u064e\u062d\u064e\u0632\u0650\u0646\u064e \u0627\u0644\u0641\u064a\u0644 \u0648\u064e\u0642\u064e\u0631\u0651\u064e\u0631\u064e \u0625\u0650\u062d\u0636\u0627\u0631 \u0628\u064e\u0639\u0636\u0650 \u0623\u064e\u0648\u0631\u0627\u0642\u0650 \u0627\u0644\u0623\u064e\u0634\u062c\u0627\u0631\u0650 \u0648\u064e\u0648\u064e\u0636\u064e\u0639\u064e\u0647\u0627 \u062d\u064e\u0648\u0644\u064e\u0647\u064f \u0643\u064e\u064a \u064a\u064f\u062f\u0641\u0650\u0626\u064e\u0647.<\/p>\n\n\n\n<p class=\"has-text-align-right has-large-font-size\"> \u064f\u062d\u064e\u0636\u064e\u0631\u064e \u062b\u064e\u0639\u0644\u064e\u0628\u064c \u0645\u064e\u0643\u0651\u0627\u0631\u064c \u0648\u064e\u0631\u064e\u0623\u064e\u0649 \u0627\u0644\u0641\u064a\u0644 \u064a\u064e\u062a\u064e\u062d\u064e\u062f\u0651\u064e\u062b\u064f \u0645\u064e\u0639\u064e \u0627\u0644\u0639\u064f\u0635\u0641\u0648\u0631 \u062b\u064f\u0645\u0651\u064e \u064a\u064e\u0630\u0647\u064e\u0628 \u0645\u064f\u0628\u062a\u064e\u0639\u0650\u062f\u0627\u064b \u0644\u0650\u064a\u064e\u062d\u0652\u0636\u064f\u0631\u064f \u0644\u064e\u0647\u064f \u0627\u0644\u0623\u064e\u0648\u0631\u0627\u0642\u060c \u0641\u064e\u0627\u0642\u0652\u062a\u064e\u0631\u064e\u0628\u064e \u0645\u0650\u0646 \u0627\u0644\u0639\u064f\u0635\u0641\u0648\u0631\u0650 \u0639\u0650\u0646\u062f\u064e \u0630\u064e\u0647\u0627\u0628\u0650 \u0627\u0644\u0641\u064a\u0644\u060c \u0648\u064e\u0633\u064e\u0623\u064e\u0644\u064e\u0647:<\/p>\n\n\n\n<p class=\"has-text-align-right has-large-font-size\"> &#8220;\u0644\u0650\u0645\u0627\u0630\u0627 \u0623\u064e\u0646\u062a\u064e \u0647\u064f\u0646\u0627 \u0639\u064e\u0644\u0649 \u0627\u0644\u0623\u064e\u0631\u0636\u0650 \u0623\u064a\u0651\u0647\u0627 \u0627\u0644\u0639\u064f\u0635\u0641\u0648\u0631 \u0627\u0644\u0635\u063a\u064a\u0631\u061f&#8221;<\/p>\n\n\n\n<p class=\"has-text-align-right has-large-font-size\"> \u0623\u064e\u062e\u0628\u064e\u0631\u064e\u0647\u064f \u0627\u0644\u0639\u064f\u0635\u0641\u0648\u0631 \u0627\u0644\u0635\u0651\u064e\u063a\u064a\u0631 \u0623\u064e\u0646\u0651\u064e\u0647 \u0633\u064e\u0642\u064e\u0637\u064e \u0645\u0650\u0646 \u0639\u064f\u0634\u0650\u0651\u0647\u0650\u060c \u0642\u0627\u0644 \u0627\u0644\u062b\u0651\u064e\u0639\u0644\u064e\u0628\u064f \u0628\u0650\u0645\u064e\u0643\u0631\u064d: <\/p>\n\n\n\n<p class=\"has-text-align-right has-large-font-size\">&#8220;\u0625\u0646\u0651\u0646\u064a \u0623\u064e\u0639\u0631\u0650\u0641 \u0645\u064e\u0643\u0627\u0646\u064e \u0639\u064f\u0634\u0650\u0651\u0643\u064e \u0623\u064e\u064a\u0651\u064f\u0647\u0627 \u0627\u0644\u0639\u064f\u0635\u0641\u0648\u0631 \u0648\u0633\u064e\u0623\u064f\u0639\u0650\u064a\u062f\u064f\u0643 \u0625\u0644\u064a\u0647\u060c \u0648\u0644\u0643\u0646 \u0639\u064e\u0644\u064e\u064a\u0643\u064e \u0641\u064a \u0627\u0644\u0628\u0650\u062f\u0627\u064a\u0629 \u0623\u0646 \u062a\u064e\u062a\u064e\u062e\u064e\u0644\u0651\u064e\u0635\u064e \u0645\u0650\u0646 \u0627\u0644\u0641\u064a\u0644\u060c \u0641\u064e\u0647\u064f\u0648\u064e \u062d\u064e\u064a\u064e\u0648\u0627\u0646\u064c \u0634\u064e\u0631\u064a\u0631\u064c \u0648\u064a\u064f\u0631\u064a\u062f \u0623\u064e\u0646\u0652 \u064a\u064f\u0624\u064e\u0630\u0650\u0651\u064a\u0643&#8221;.<\/p>\n\n\n\n<p class=\"has-text-align-right has-large-font-size\"> \u0641\u064a \u0647\u0630\u0647 \u0627\u0644\u0644\u0651\u064e\u062d\u0652\u0638\u064e\u0629 \u0639\u0627\u062f \u0627\u0644\u0641\u064a\u0644 \u064a\u064e\u062d\u0645\u0650\u0644 \u0627\u0644\u0623\u064e\u0648\u0631\u0627\u0642\u060c \u0641\u064e\u0627\u0628\u0652\u062a\u064e\u0639\u0650\u062f\u064e \u0627\u0644\u062b\u0651\u064e\u0639\u0644\u064e\u0628\u064f \u0648\u0627\u062e\u0652\u062a\u064e\u0628\u064e\u0623\u064e \u062e\u064e\u0644\u0641\u064e \u0627\u0644\u0623\u064e\u0634\u062c\u0627\u0631 \u064a\u064f\u0631\u0627\u0642\u0650\u0628\u064f \u0627\u0644\u0639\u064f\u0635\u0641\u0648\u0631\u060c \u0648\u0636\u0639 \u0627\u0644\u0641\u064a\u0644 \u0627\u0644\u0623\u0648\u0631\u0627\u0642 \u062d\u0648\u0644 \u0627\u0644\u0639\u0635\u0641\u0648\u0631\u060c \u0648\u0627\u0644\u0630\u064a \u0634\u0639\u0631 \u0628\u0627\u0644\u062f\u0641\u0621\u060c \u062b\u0645\u0651 \u0642\u0627\u0644 \u0644\u0644\u0641\u064a\u0644: &#8220;\u0623\u064a\u0647\u0627 \u0627\u0644\u0641\u064a\u0644 \u0627\u0644\u0637\u064a\u0628\u060c \u0623\u0646\u0627 \u0623\u0634\u0639\u0631 \u0628\u0627\u0644\u062c\u0648\u0639\u060c \u0623\u064a\u0645\u0643\u0646\u0643 \u0623\u0646 \u062a\u062d\u0636\u0631 \u0644\u064a \u0628\u0639\u0636 \u0627\u0644\u0637\u0639\u0627\u0645\u061f&#8221; \u0643\u0627\u0646\u062a \u0647\u0630\u0647 \u0641\u0643\u0631\u0629 \u0627\u0644\u0639\u0635\u0641\u0648\u0631 \u0644\u0625\u0628\u0639\u0627\u062f \u0627\u0644\u0641\u064a\u0644 \u0639\u0646\u0647 \u062d\u062a\u0649 \u064a\u0633\u062a\u0637\u064a\u0639 \u0627\u0644\u062b\u0639\u0644\u0628 \u0625\u0639\u0627\u062f\u062a\u0647 \u0625\u0644\u0649 \u0639\u0634\u0647 \u0648\u0625\u062e\u0648\u062a\u0647\u060c \u0641\u0627\u0644\u0641\u064a\u0644 \u0643\u0628\u064a\u0631\u064c \u0648\u0645\u062e\u064a\u0641\u064c \u062c\u062f\u0627\u064b\u060c \u0623\u0645\u0651\u0627 \u0627\u0644\u062b\u0639\u0644\u0628 \u0641\u0625\u0646\u0651\u0647 \u064a\u0628\u062f\u0648 \u0637\u064a\u0628\u0627\u064b\u060c \u0648\u064a\u0645\u062a\u0644\u0643 \u0641\u0631\u0648\u0627\u064b \u062c\u0645\u064a\u0644\u0627\u064b \u0630\u0627 \u0623\u0644\u0648\u0627\u0646 \u0631\u0627\u0626\u0639\u0629\u060c \u0631\u062f\u0651 \u0627\u0644\u0641\u064a\u0644: &#8220;\u0628\u0627\u0644\u062a\u0623\u0643\u064a\u062f \u0623\u064a\u0647\u0627 \u0627\u0644\u0639\u0635\u0641\u0648\u0631\u060c \u0633\u0623\u062d\u0636\u0631 \u0644\u0643 \u0628\u0639\u0636 \u0627\u0644\u062d\u0628\u0648\u0628\u060c \u0648\u0644\u0643\u0646 \u0643\u0646 \u062d\u0630\u0631\u0627\u064b \u0645\u0646 \u0627\u0644\u062d\u064a\u0648\u0627\u0646\u0627\u062a \u0627\u0644\u0623\u062e\u0631\u0649 \u0648\u0644\u0627 \u062a\u062a\u062d\u0631\u0643 \u0645\u0646 \u0645\u0643\u0627\u0646\u0643 \u062d\u062a\u0649 \u0623\u0639\u0648\u062f&#8221;. \u0627\u0642\u062a\u0631\u0628 \u0627\u0644\u062b\u0639\u0644\u0628 \u0645\u0646 \u0627\u0644\u0639\u0635\u0641\u0648\u0631 \u0639\u0646\u062f \u0630\u0647\u0627\u0628 \u0627\u0644\u0641\u064a\u0644 \u0648\u0642\u0627\u0644 \u0644\u0647: &#8220;\u0647\u064a\u0627 \u0646\u0630\u0647\u0628 \u0643\u064a \u0623\u0639\u064a\u062f\u0643 \u0625\u0644\u0649 \u0639\u0634\u0643 \u0623\u064a\u0647\u0627 \u0627\u0644\u0639\u0635\u0641\u0648\u0631&#8221; \u0648\u062d\u0645\u0644\u0647 \u0648\u0627\u0628\u062a\u0639\u062f \u062e\u0644\u0641 \u0627\u0644\u0634\u062c\u0631\u0629\u060c \u0648\u0641\u062c\u0623\u0629 \u062a\u063a\u064a\u0631\u062a \u0645\u0644\u0627\u0645\u062d \u0627\u0644\u062b\u0639\u0644\u0628\u060c \u0648\u0631\u0645\u0649 \u0627\u0644\u0639\u0635\u0641\u0648\u0631 \u0639\u0644\u0649 \u0627\u0644\u0623\u0631\u0636 \u062b\u0645\u0651 \u0647\u062c\u0645 \u0639\u0644\u064a\u0647 \u0644\u0627\u0641\u062a\u0631\u0627\u0633\u0647 \u0648\u0623\u0643\u0644\u0647\u060c \u0628\u062f\u0623 \u0627\u0644\u0639\u0635\u0641\u0648\u0631 \u0628\u0627\u0644\u0635\u0631\u0627\u062e \u0639\u0627\u0644\u064a\u0627\u064b: &#8220;\u0623\u0646\u0642\u0630\u0648\u0646\u064a! \u0623\u0631\u062c\u0648\u0643\u0645 \u0623\u0646\u0642\u0630\u0648\u0646\u064a!&#8221;<\/p>\n\n\n\n<p class=\"has-text-align-right has-large-font-size\"> \u0633\u0645\u0639 \u0627\u0644\u0641\u064a\u0644 \u0635\u0648\u062a \u0627\u0644\u0639\u0635\u0641\u0648\u0631 \u0641\u0639\u0627\u062f \u0645\u0633\u0631\u0639\u0627\u064b \u0648\u0631\u0623\u0649 \u0627\u0644\u062b\u0639\u0644\u0628 \u064a\u062d\u0627\u0648\u0644 \u0627\u0641\u062a\u0631\u0627\u0633 \u0627\u0644\u0639\u0635\u0641\u0648\u0631\u060c \u0641\u0631\u0643\u0636 \u0628\u0633\u0631\u0639\u0629 \u0648\u0636\u0631\u0628 \u0627\u0644\u062b\u0639\u0644\u0628 \u0627\u0644\u0630\u064a \u0647\u0631\u0628 \u0645\u0628\u062a\u0639\u062f\u0627\u064b\u060c \u062d\u0645\u0644 \u0627\u0644\u0641\u064a\u0644 \u0627\u0644\u0639\u0635\u0641\u0648\u0631 \u0648\u0642\u0627\u0644 \u0644\u0647: &#8220;\u0623\u0644\u0645 \u0623\u062e\u0628\u0631\u0643 \u0623\u0644\u0651\u0627 \u062a\u0628\u062a\u0639\u062f \u0623\u064a\u0647\u0627 \u0627\u0644\u0639\u0635\u0641\u0648\u0631\u061f&#8221;. \u0627\u0639\u062a\u0631\u0641 \u0627\u0644\u0639\u0635\u0641\u0648\u0631: &#8220;\u0641\u064a \u0627\u0644\u062d\u0642\u064a\u0642\u0629 \u0644\u0642\u062f \u0643\u0646\u062a \u0623\u0634\u0639\u0631 \u0628\u0627\u0644\u062e\u0648\u0641 \u0645\u0646\u0643 \u0623\u064a\u0647\u0627 \u0627\u0644\u0641\u064a\u0644\u060c \u0641\u0623\u0646\u062a \u0643\u0628\u064a\u0631 \u0636\u062e\u0645\u064c \u0648\u0643\u0628\u064a\u0631 \u0627\u0644\u062d\u062c\u0645\u060c \u0648\u0623\u0646\u0627 \u0639\u0635\u0641\u0648\u0631\u064c \u0635\u063a\u064a\u0631\u064c \u062c\u062f\u0627\u064b&#8221;\u060c \u0631\u062f\u0651 \u0627\u0644\u0641\u064a\u0644 \u0628\u062d\u0632\u0646\u064d \u0634\u062f\u064a\u062f: &#8220;\u0623\u064a\u0647\u0627 \u0627\u0644\u0639\u0635\u0641\u0648\u0631\u060c \u0623\u0646\u0627 \u0644\u0627 \u0622\u0643\u0644 \u0627\u0644\u062d\u064a\u0648\u0627\u0646\u0627\u062a \u0627\u0644\u0635\u063a\u064a\u0631\u0629\u060c \u0648\u0644\u0633\u062a \u0623\u0631\u064a\u062f \u0633\u0648\u0649 \u0645\u0633\u0627\u0639\u062f\u062a\u0643\u060c \u0648\u0639\u0644\u064a\u0643 \u0623\u0646 \u062a\u062a\u0639\u0644\u0651\u0645 \u0623\u0646\u0651\u0647 \u0644\u0627 \u064a\u062c\u0628 \u0627\u0644\u062d\u0643\u0645 \u0639\u0644\u0649 \u0623\u062d\u062f \u0645\u0646 \u062e\u0644\u0627\u0644 \u0634\u0643\u0644\u0647 \u0623\u0648 \u062d\u062c\u0645\u0647\u060c \u0628\u0644 \u0628\u0623\u0641\u0639\u0627\u0644\u0647 \u0641\u0642\u0637&#8221;<\/p>\n\n\n\n<p class=\"has-text-align-right has-large-font-size\"> \u062b\u0645\u0651 \u0623\u062e\u0630 \u0627\u0644\u0641\u064a\u0644\u064f \u0627\u0644\u0639\u0635\u0641\u0648\u0631 \u0648\u0623\u0639\u0627\u062f\u0647 \u0625\u0644\u0649 \u0627\u0644\u0634\u062c\u0631\u0629 \u0627\u0644\u062a\u064a \u0633\u0642\u0637 \u0645\u0646\u0647\u0627\u060c \u0648\u0643\u0627\u0646\u062a \u0623\u0645\u0651\u0647 \u062a\u0628\u062d\u062b \u0639\u0646\u0647 \u0628\u062e\u0648\u0641\u064d \u0634\u062f\u064a\u062f\u060c \u0641\u0641\u0631\u062d\u062a \u062c\u062f\u0627\u064b \u0639\u0646\u062f\u0645\u0627 \u0631\u0623\u062a\u0647\u060c \u0648\u0634\u0643\u0631\u062a \u0627\u0644\u0641\u064a\u0644 \u0639\u0644\u0649 \u0645\u0633\u0627\u0639\u062f\u062a\u0647 \u0644\u0647\u0627.<\/p>\n\n\n\n<p><\/p>\n\n\n\n<p>B\u00fcy\u00fck, g\u00fczel a\u011fa\u00e7lar ve \u00e7ok \u00e7e\u015fitli hayvanlarla dolu uzak bir ormanda, k\u00fc\u00e7\u00fck bir ku\u015f, annesi ve karde\u015fleriyle birlikte, y\u00fcksek a\u011fa\u00e7lardan birinin tepesine kurulmu\u015f k\u00fc\u00e7\u00fck bir yuvada ya\u015fard\u0131.Bir g\u00fcn ku\u015f annesinin yan\u0131na gitti. U\u00e7amayan k\u00fc\u00e7\u00fck \u00e7ocuklar\u0131 i\u00e7in yiyecek aramaya gitti\u011fi s\u0131rada yuvadan yoklu\u011funda r\u00fczgar esti, \u015fiddetli bir sars\u0131nt\u0131 yuvay\u0131 sallad\u0131 ve k\u00fc\u00e7\u00fck ku\u015f yere d\u00fc\u015ft\u00fc. K\u00fc\u00e7\u00fck ku\u015f hen\u00fcz u\u00e7may\u0131 \u00f6\u011frenmedi\u011finden, annesinin d\u00f6nmesini bekleyerek korkuyla oldu\u011fu yerde kald\u0131.<\/p>\n\n\n\n<p>Bu arada, ormanda ne\u015feli bir \u015fekilde y\u00fcr\u00fcyen, b\u00fcy\u00fck ayaklar\u0131n\u0131 yere vuran ve \u015fark\u0131 s\u00f6yleyen iyi bir fil ge\u00e7ti. Ku\u015f \u00e7ok korktu ve filden saklanmaya \u00e7al\u0131\u015ft\u0131 ama fil\u2026 Onu g\u00f6rd\u00fc ve ona \u015f\u00f6yle dedi: &#8220;\u0130yi misin k\u00fc\u00e7\u00fck g\u00fczel ku\u015f? A\u011fa\u00e7tan m\u0131 d\u00fc\u015ft\u00fcn?&#8221; Ancak ku\u015f \u00e7ok korkmu\u015ftu ve file cevap verememi\u015f, korkudan ve so\u011fuktan fazlas\u0131yla titriyordu, bu y\u00fczden fil \u00fcz\u00fcld\u00fc ve birka\u00e7 a\u011fa\u00e7 yapra\u011f\u0131 getirip onu \u0131s\u0131tmak i\u00e7in etraf\u0131na koymaya karar verdi. <\/p>\n\n\n\n<p>Kurnaz bir tilki gelip, filin ku\u015fla konu\u015ftu\u011funu ve sonra ona evraklar\u0131 getirmeye gitti\u011fini g\u00f6rm\u00fc\u015f, fil gidince ku\u015fun yan\u0131na varm\u0131\u015f ve ona sormu\u015f: &#8220;Neden burada yerdesin k\u00fc\u00e7\u00fck ku\u015f?&#8221; K\u00fc\u00e7\u00fck ku\u015f ona yuvas\u0131ndan d\u00fc\u015ft\u00fc\u011f\u00fcn\u00fc s\u00f6ylemi\u015f. Tilki kurnazca \u015f\u00f6yle demi\u015f: &#8220;Yuvan\u0131n nerede oldu\u011funu biliyorum ku\u015f, seni oraya geri g\u00f6t\u00fcrece\u011fim ama \u00f6nce filden kurtulmal\u0131s\u0131n, \u00e7\u00fcnk\u00fc o bir k\u00f6t\u00fc hayvan ve sana zarar vermek istiyor.\u201d O anda fil yapraklar\u0131 ta\u015f\u0131yarak geri d\u00f6nd\u00fc. <\/p>\n\n\n\n<p>Tilki uzakla\u015f\u0131p a\u011fa\u00e7lar\u0131n arkas\u0131na saklanarak ku\u015fu izledi. Fil, yapraklar\u0131 s\u0131cak hisseden ku\u015fun etraf\u0131na koydu ve sonra file \u015f\u00f6yle dedi: &#8220;Aferin fil, ben &#8220;Ac\u0131kt\u0131\u011f\u0131m\u0131 hissediyorum. Bana biraz yiyecek getirebilir misin?&#8221; Bu, tilkinin onu yuvas\u0131na ve karde\u015flerine geri g\u00f6t\u00fcrebilmesi i\u00e7in fili kendisinden uzak tutmak ku\u015fun fikriydi.Fil b\u00fcy\u00fck ve \u00e7ok korkutucu, tilkiye gelince, g\u00fczel g\u00f6r\u00fcn\u00fcyor ve harika renklere sahip g\u00fczel bir k\u00fcrk\u00fc var. Fil cevap verdi: &#8220;Elbette ku\u015f. Sana biraz tah\u0131l getirece\u011fim ama di\u011fer hayvanlara dikkat et ve ben d\u00f6nene kadar yerinden k\u0131p\u0131rdama.&#8221; Fil gidince tilki ku\u015fa yakla\u015ft\u0131 ve ona \u015f\u00f6yle dedi: &#8220;Hadi gidelim de seni yuvana geri g\u00f6t\u00fcreyim ku\u015f.&#8221; Onu al\u0131p a\u011fac\u0131n arkas\u0131na do\u011fru uzakla\u015ft\u0131. Aniden tilkinin y\u00fcz hatlar\u0131 de\u011fi\u015fti ve onu f\u0131rlatt\u0131. Yerdeki ku\u015fu avlay\u0131p yemek i\u00e7in ona sald\u0131rd\u0131.Ku\u015f y\u00fcksek sesle ba\u011f\u0131rmaya ba\u015flad\u0131: &#8220;Kurtar beni! L\u00fctfen kurtar beni.&#8221; <\/p>\n\n\n\n<p>Fil, ku\u015fun sesini duyunca geri ko\u015ftu ve tilkinin ku\u015fu avlamaya \u00e7al\u0131\u015ft\u0131\u011f\u0131n\u0131 g\u00f6rd\u00fc. H\u0131zla ko\u015fup tilkiye \u00e7arpt\u0131, tilki ka\u00e7t\u0131. Fil ku\u015fu ald\u0131 ve ona \u015f\u00f6yle dedi: &#8220;Ben yapmad\u0131m m\u0131?&#8221; sana gitmemeni mi s\u00f6yledim, ku\u015f?&#8221; Ku\u015f itiraf etti: &#8220;Asl\u0131nda senden korkuyordum Fil. Sen b\u00fcy\u00fck, iri ve hantals\u0131n, ben ise \u00e7ok k\u00fc\u00e7\u00fck bir ku\u015fum.&#8221; Fil b\u00fcy\u00fck bir \u00fcz\u00fcnt\u00fcyle cevap verdi: &#8220;Fil, ben k\u00fc\u00e7\u00fck hayvanlar\u0131 yemem. Ben sadece sana yard\u0131m etmek istiyorum ve \u015funu \u00f6\u011frenmelisin\u2026 &#8220;Hi\u00e7 kimse \u015fekline veya b\u00fcy\u00fckl\u00fc\u011f\u00fcne g\u00f6re de\u011ferlendirilmemeli, sadece davran\u0131\u015flar\u0131na g\u00f6re de\u011ferlendirilmelidir.&#8221; <\/p>\n\n\n\n<p>Bunun \u00fczerine fil ku\u015fu al\u0131p d\u00fc\u015ft\u00fc\u011f\u00fc a\u011faca geri koyarken, annesi b\u00fcy\u00fck bir korkuyla onu ar\u0131yordu.Onu g\u00f6r\u00fcnce \u00e7ok sevindi ve kendisine yard\u0131m eden file te\u015fekk\u00fcr etti.<\/p>\n","protected":false},"excerpt":{"rendered":"<p>\u064f\u0627\u064e\u0644\u0652\u0639\u064f\u0635\u0652\u0641\u064f\u0648\u0631\u064f \u0648\u064e\u0627\u0644\u0652\u0641\u0650\u064a\u0644 \u0641\u064a \u063a\u0627\u0628\u0629\u064d \u0628\u064e\u0639\u064a\u062f\u0629\u064d \u0645\u0644\u064a\u0626\u0629\u064d \u0628\u0650\u0627\u0644\u0623\u064e\u0634\u062c\u0627\u0631\u0650 \u0627\u0644\u0643\u064e\u0628\u064a\u0631\u0629 \u0648\u064e\u0627\u0644\u062c\u064e\u0645\u064a\u0644\u0629\u060c \u0648\u0627\u0644\u062d\u064e\u064a\u064e\u0648\u0627\u0646\u0627\u062a \u0627\u0644\u0643\u064e\u062b\u064a\u0631\u0629 \u0648\u0627\u0644\u0645\u064f\u062a\u064e\u0646\u064e\u0648\u0650\u0651\u0639\u064e\u0629\u060c \u0639\u0627\u0634\u064e \u0639\u064f\u0635\u0641\u0648\u0631\u064c \u0635\u064e\u063a\u064a\u0631\u064c \u0645\u064e\u0639\u064e \u0623\u064f\u0645\u0651\u0650\u0647\u0650 \u0648\u064e\u0625\u062e\u0648\u064e\u062a\u0650\u0647\u0650 \u0641\u064a \u0639\u064f\u0634\u064d\u0651 \u0635\u064e\u063a\u064a\u0631\u064d \u0645\u064e\u0628\u0646\u0650\u064a\u064d\u0651 \u0639\u064e\u0644\u0649 \u0642\u0650\u0645\u064e\u0645\u0650 \u0625\u0650\u062d\u0652\u062f\u0649 \u0627\u0644\u0623\u064e\u0634\u062c\u0627\u0631 \u0627\u0644\u0639\u0627\u0644\u0650\u064a\u0629\u060c \u0648\u0641\u064a \u0623\u064e\u062d\u064e\u062f\u0650 \u0627\u0644\u0623\u064e\u064a\u0651\u0627\u0645\u0650 \u0630\u064e\u0647\u064e\u0628\u064e \u0627\u0644\u0639\u064f\u0635\u0641\u0648\u0631\u0629 \u0627\u0644\u0623\u064f\u0645\u0651 \u0644\u0650\u0644\u0628\u064e\u062d\u062b\u0650 \u0639\u064e\u0646 \u0637\u064e\u0639\u0627\u0645\u064d \u0644\u0650\u0623\u064e\u0628\u0646\u0627\u0626\u0650\u0647\u0627 \u0627\u0644\u0635\u0650\u0651\u063a\u0627\u0631 \u0627\u0644\u0651\u064e\u0630\u064a\u0646\u064e \u0644\u0627 &hellip; <\/p>\n","protected":false},"author":2,"featured_media":0,"parent":17587,"menu_order":0,"comment_status":"closed","ping_status":"closed","template":"","meta":{"_bbp_topic_count":0,"_bbp_reply_count":0,"_bbp_total_topic_count":0,"_bbp_total_reply_count":0,"_bbp_voice_count":0,"_bbp_anonymous_reply_count":0,"_bbp_topic_count_hidden":0,"_bbp_reply_count_hidden":0,"_bbp_forum_subforum_count":0,"advanced_seo_description":"","jetpack_seo_html_title":"","jetpack_seo_noindex":false,"footnotes":""},"class_list":["post-17668","page","type-page","status-publish","hentry"],"jetpack_sharing_enabled":true,"jetpack_likes_enabled":true,"_links":{"self":[{"href":"https:\/\/arapca.com\/index.php\/wp-json\/wp\/v2\/pages\/17668","targetHints":{"allow":["GET"]}}],"collection":[{"href":"https:\/\/arapca.com\/index.php\/wp-json\/wp\/v2\/pages"}],"about":[{"href":"https:\/\/arapca.com\/index.php\/wp-json\/wp\/v2\/types\/page"}],"author":[{"embeddable":true,"href":"https:\/\/arapca.com\/index.php\/wp-json\/wp\/v2\/users\/2"}],"replies":[{"embeddable":true,"href":"https:\/\/arapca.com\/index.php\/wp-json\/wp\/v2\/comments?post=17668"}],"version-history":[{"count":5,"href":"https:\/\/arapca.com\/index.php\/wp-json\/wp\/v2\/pages\/17668\/revisions"}],"predecessor-version":[{"id":17693,"href":"https:\/\/arapca.com\/index.php\/wp-json\/wp\/v2\/pages\/17668\/revisions\/17693"}],"up":[{"embeddable":true,"href":"https:\/\/arapca.com\/index.php\/wp-json\/wp\/v2\/pages\/17587"}],"wp:attachment":[{"href":"https:\/\/arapca.com\/index.php\/wp-json\/wp\/v2\/media?parent=17668"}],"curies":[{"name":"wp","href":"https:\/\/api.w.org\/{rel}","templated":true}]}}