{"id":17662,"date":"2023-11-19T09:05:45","date_gmt":"2023-11-19T06:05:45","guid":{"rendered":"https:\/\/arapca.com\/?page_id=17662"},"modified":"2023-11-19T09:05:47","modified_gmt":"2023-11-19T06:05:47","slug":"yilan-ve-zeki-tavsanlar","status":"publish","type":"page","link":"https:\/\/arapca.com\/index.php\/hikayeler\/yilan-ve-zeki-tavsanlar\/","title":{"rendered":"Y\u0131lan ve Zeki Tav\u015fanlar"},"content":{"rendered":"\n<p>\u00c7ocuklar i\u00e7in Arap\u00e7a Hikayeler<\/p>\n\n\n\n<figure class=\"wp-block-embed is-type-video is-provider-youtube wp-block-embed-youtube wp-embed-aspect-16-9 wp-has-aspect-ratio\"><div class=\"wp-block-embed__wrapper\">\n<iframe loading=\"lazy\" title=\"\u0642\u0635\u0635 \u0648\u062d\u0643\u0627\u064a\u0627\u062a - \u0642\u0635\u0635 \u0644\u0644\u0623\u0637\u0641\u0627\u0644 - \u0631\u0633\u0648\u0645 \u0645\u062a\u062d\u0631\u0643\u0629 - \u0642\u0635\u0635 \u0642\u0628\u0644 \u0627\u0644\u0646\u0648\u0645 - \u0642\u0635\u0629 \u0627\u0644\u062b\u0639\u0628\u0627\u0646 \u0648\u0627\u0644\u0623\u0631\u0627\u0646\u0628 \u0627\u0644\u0630\u0643\u064a\u0629\" width=\"640\" height=\"360\" src=\"https:\/\/www.youtube.com\/embed\/t-tR9cKOMME?feature=oembed\" frameborder=\"0\" allow=\"accelerometer; autoplay; clipboard-write; encrypted-media; gyroscope; picture-in-picture; web-share\" referrerpolicy=\"strict-origin-when-cross-origin\" allowfullscreen><\/iframe>\n<\/div><\/figure>\n","protected":false},"excerpt":{"rendered":"<p>\u00c7ocuklar i\u00e7in Arap\u00e7a Hikayeler<\/p>\n","protected":false},"author":2,"featured_media":0,"parent":17587,"menu_order":0,"comment_status":"closed","ping_status":"closed","template":"","meta":{"_bbp_topic_count":0,"_bbp_reply_count":0,"_bbp_total_topic_count":0,"_bbp_total_reply_count":0,"_bbp_voice_count":0,"_bbp_anonymous_reply_count":0,"_bbp_topic_count_hidden":0,"_bbp_reply_count_hidden":0,"_bbp_forum_subforum_count":0,"footnotes":""},"class_list":["post-17662","page","type-page","status-publish","hentry"],"jetpack_sharing_enabled":true,"jetpack_likes_enabled":true,"_links":{"self":[{"href":"https:\/\/arapca.com\/index.php\/wp-json\/wp\/v2\/pages\/17662","targetHints":{"allow":["GET"]}}],"collection":[{"href":"https:\/\/arapca.com\/index.php\/wp-json\/wp\/v2\/pages"}],"about":[{"href":"https:\/\/arapca.com\/index.php\/wp-json\/wp\/v2\/types\/page"}],"author":[{"embeddable":true,"href":"https:\/\/arapca.com\/index.php\/wp-json\/wp\/v2\/users\/2"}],"replies":[{"embeddable":true,"href":"https:\/\/arapca.com\/index.php\/wp-json\/wp\/v2\/comments?post=17662"}],"version-history":[{"count":1,"href":"https:\/\/arapca.com\/index.php\/wp-json\/wp\/v2\/pages\/17662\/revisions"}],"predecessor-version":[{"id":17663,"href":"https:\/\/arapca.com\/index.php\/wp-json\/wp\/v2\/pages\/17662\/revisions\/17663"}],"up":[{"embeddable":true,"href":"https:\/\/arapca.com\/index.php\/wp-json\/wp\/v2\/pages\/17587"}],"wp:attachment":[{"href":"https:\/\/arapca.com\/index.php\/wp-json\/wp\/v2\/media?parent=17662"}],"curies":[{"name":"wp","href":"https:\/\/api.w.org\/{rel}","templated":true}]}}