{"id":17640,"date":"2023-11-18T17:08:46","date_gmt":"2023-11-18T14:08:46","guid":{"rendered":"https:\/\/arapca.com\/?page_id=17640"},"modified":"2023-11-18T17:08:48","modified_gmt":"2023-11-18T14:08:48","slug":"buyulenmis-sultan","status":"publish","type":"page","link":"https:\/\/arapca.com\/index.php\/arapca-hikayeler\/buyulenmis-sultan\/","title":{"rendered":"B\u00fcy\u00fclenmi\u015f Sultan"},"content":{"rendered":"\n<div class=\"_df_book df-lite\" id=\"df_17636\"  _slug=\"buyulenmis-sultan\" data-title=\"buyulenmis-sultan\" wpoptions=\"true\" thumbtype=\"\" ><\/div><script class=\"df-shortcode-script\" nowprocket type=\"application\/javascript\">window.option_df_17636 = {\"outline\":[],\"autoEnableOutline\":\"false\",\"autoEnableThumbnail\":\"false\",\"overwritePDFOutline\":\"false\",\"direction\":\"2\",\"pageSize\":\"0\",\"source\":\"https:\\\/\\\/arapca.com\\\/wp-content\\\/uploads\\\/2023\\\/11\\\/Buyulenmis-sultan.pdf\",\"wpOptions\":\"true\"}; if(window.DFLIP && window.DFLIP.parseBooks){window.DFLIP.parseBooks();}<\/script>\n","protected":false},"excerpt":{"rendered":"","protected":false},"author":2,"featured_media":0,"parent":16990,"menu_order":0,"comment_status":"closed","ping_status":"closed","template":"","meta":{"_bbp_topic_count":0,"_bbp_reply_count":0,"_bbp_total_topic_count":0,"_bbp_total_reply_count":0,"_bbp_voice_count":0,"_bbp_anonymous_reply_count":0,"_bbp_topic_count_hidden":0,"_bbp_reply_count_hidden":0,"_bbp_forum_subforum_count":0,"advanced_seo_description":"","jetpack_seo_html_title":"","jetpack_seo_noindex":false,"footnotes":""},"class_list":["post-17640","page","type-page","status-publish","hentry"],"jetpack_sharing_enabled":true,"jetpack_likes_enabled":true,"_links":{"self":[{"href":"https:\/\/arapca.com\/index.php\/wp-json\/wp\/v2\/pages\/17640","targetHints":{"allow":["GET"]}}],"collection":[{"href":"https:\/\/arapca.com\/index.php\/wp-json\/wp\/v2\/pages"}],"about":[{"href":"https:\/\/arapca.com\/index.php\/wp-json\/wp\/v2\/types\/page"}],"author":[{"embeddable":true,"href":"https:\/\/arapca.com\/index.php\/wp-json\/wp\/v2\/users\/2"}],"replies":[{"embeddable":true,"href":"https:\/\/arapca.com\/index.php\/wp-json\/wp\/v2\/comments?post=17640"}],"version-history":[{"count":1,"href":"https:\/\/arapca.com\/index.php\/wp-json\/wp\/v2\/pages\/17640\/revisions"}],"predecessor-version":[{"id":17641,"href":"https:\/\/arapca.com\/index.php\/wp-json\/wp\/v2\/pages\/17640\/revisions\/17641"}],"up":[{"embeddable":true,"href":"https:\/\/arapca.com\/index.php\/wp-json\/wp\/v2\/pages\/16990"}],"wp:attachment":[{"href":"https:\/\/arapca.com\/index.php\/wp-json\/wp\/v2\/media?parent=17640"}],"curies":[{"name":"wp","href":"https:\/\/api.w.org\/{rel}","templated":true}]}}