{"id":17490,"date":"2023-10-28T11:23:09","date_gmt":"2023-10-28T08:23:09","guid":{"rendered":"https:\/\/arapca.com\/?page_id=17490"},"modified":"2023-11-03T07:05:43","modified_gmt":"2023-11-03T04:05:43","slug":"arapca-cocuk-sarkilari","status":"publish","type":"page","link":"https:\/\/arapca.com\/index.php\/arapca-muzikler\/arapca-cocuk-sarkilari\/","title":{"rendered":"Arap\u00e7a \u00c7ocuk \u015eark\u0131lar\u0131"},"content":{"rendered":"\n<figure class=\"wp-block-embed is-type-video is-provider-youtube wp-block-embed-youtube wp-embed-aspect-16-9 wp-has-aspect-ratio\"><div class=\"wp-block-embed__wrapper\">\n<iframe title=\"\u0627\u0644\u0628\u0631\u062a\u0642\u0627\u0644\u0629 - \u0637\u064a\u0648\u0631 \u0628\u064a\u0628\u064a Toyor Baby\" width=\"640\" height=\"360\" src=\"https:\/\/www.youtube.com\/embed\/Ry3mIr1WTfw?list=PL5bGZin88eEg-t7oYgxs1lQnx5BKV-0Qi\" frameborder=\"0\" allow=\"accelerometer; autoplay; clipboard-write; encrypted-media; gyroscope; picture-in-picture; web-share\" referrerpolicy=\"strict-origin-when-cross-origin\" allowfullscreen><\/iframe>\n<\/div><\/figure>\n\n\n\n<p><a href=\"https:\/\/youtu.be\/eAESAHWDBSw\">Dilim Arap\u00e7a (L\u00fcgati Arabiyye)<\/a> &#8211; T\u00fcrk\u00e7e yaz\u0131l\u0131<\/p>\n\n\n\n<p><a href=\"https:\/\/youtu.be\/WBCv9ZgzjqA?list=PL5bGZin88eEg-t7oYgxs1lQnx5BKV-0Qi\">Arap\u00e7a Rakamlar<\/a><\/p>\n\n\n\n<p><a href=\"https:\/\/youtu.be\/nIQ0aF9WPuc?list=PL5bGZin88eEg-t7oYgxs1lQnx5BKV-0Qi\">Harflerin \u015eark\u0131s\u0131<\/a><\/p>\n\n\n\n<p><a href=\"https:\/\/youtu.be\/totn9_zmnCk?list=PL5bGZin88eEg-t7oYgxs1lQnx5BKV-0Qi\">Bismillah \u0130lahisi<\/a><\/p>\n\n\n\n<p><a href=\"https:\/\/www.youtube.com\/watch?v=f9wJPj4Usew\">\u00dcmmi<\/a><\/p>\n\n\n\n<p><a href=\"https:\/\/youtu.be\/jBXGa2P5wDg\">Rakamlar Say\u0131lar<\/a><\/p>\n\n\n\n<p><a href=\"https:\/\/youtu.be\/l9QbFIHj2Gc?list=PL5bGZin88eEg-t7oYgxs1lQnx5BKV-0Qi\">Hadravat (Sebzeler)<\/a><\/p>\n\n\n\n<p><a href=\"https:\/\/youtu.be\/ifFTZpX4QaU?list=PL5bGZin88eEg-t7oYgxs1lQnx5BKV-0Qi\">Renkler<\/a><\/p>\n\n\n\n<p><a href=\"https:\/\/youtu.be\/A6_Iq-JmkI0?list=PL5bGZin88eEg-t7oYgxs1lQnx5BKV-0Qi\">Hamido<\/a><\/p>\n\n\n\n<p><a href=\"https:\/\/youtu.be\/oEf0v4Pd08s\">Parmaklar<\/a><\/p>\n\n\n\n<p><a href=\"https:\/\/youtu.be\/B69scOiyiUA\">Harami<\/a><\/p>\n","protected":false},"excerpt":{"rendered":"<p>Dilim Arap\u00e7a (L\u00fcgati Arabiyye) &#8211; T\u00fcrk\u00e7e yaz\u0131l\u0131 Arap\u00e7a Rakamlar Harflerin \u015eark\u0131s\u0131 Bismillah \u0130lahisi \u00dcmmi Rakamlar Say\u0131lar Hadravat (Sebzeler) Renkler Hamido Parmaklar Harami<\/p>\n","protected":false},"author":2,"featured_media":0,"parent":17483,"menu_order":0,"comment_status":"closed","ping_status":"closed","template":"","meta":{"_bbp_topic_count":0,"_bbp_reply_count":0,"_bbp_total_topic_count":0,"_bbp_total_reply_count":0,"_bbp_voice_count":0,"_bbp_anonymous_reply_count":0,"_bbp_topic_count_hidden":0,"_bbp_reply_count_hidden":0,"_bbp_forum_subforum_count":0,"advanced_seo_description":"","jetpack_seo_html_title":"","jetpack_seo_noindex":false,"footnotes":""},"class_list":["post-17490","page","type-page","status-publish","hentry"],"jetpack_sharing_enabled":true,"jetpack_likes_enabled":true,"_links":{"self":[{"href":"https:\/\/arapca.com\/index.php\/wp-json\/wp\/v2\/pages\/17490","targetHints":{"allow":["GET"]}}],"collection":[{"href":"https:\/\/arapca.com\/index.php\/wp-json\/wp\/v2\/pages"}],"about":[{"href":"https:\/\/arapca.com\/index.php\/wp-json\/wp\/v2\/types\/page"}],"author":[{"embeddable":true,"href":"https:\/\/arapca.com\/index.php\/wp-json\/wp\/v2\/users\/2"}],"replies":[{"embeddable":true,"href":"https:\/\/arapca.com\/index.php\/wp-json\/wp\/v2\/comments?post=17490"}],"version-history":[{"count":5,"href":"https:\/\/arapca.com\/index.php\/wp-json\/wp\/v2\/pages\/17490\/revisions"}],"predecessor-version":[{"id":17549,"href":"https:\/\/arapca.com\/index.php\/wp-json\/wp\/v2\/pages\/17490\/revisions\/17549"}],"up":[{"embeddable":true,"href":"https:\/\/arapca.com\/index.php\/wp-json\/wp\/v2\/pages\/17483"}],"wp:attachment":[{"href":"https:\/\/arapca.com\/index.php\/wp-json\/wp\/v2\/media?parent=17490"}],"curies":[{"name":"wp","href":"https:\/\/api.w.org\/{rel}","templated":true}]}}