{"id":17483,"date":"2023-10-28T11:15:52","date_gmt":"2023-10-28T08:15:52","guid":{"rendered":"https:\/\/arapca.com\/?page_id=17483"},"modified":"2025-02-28T08:15:03","modified_gmt":"2025-02-28T05:15:03","slug":"arapca-muzikler","status":"publish","type":"page","link":"https:\/\/arapca.com\/index.php\/arapca-muzikler\/","title":{"rendered":"Arap\u00e7a M\u00fczikler"},"content":{"rendered":"\n<figure class=\"wp-block-embed is-type-video is-provider-youtube wp-block-embed-youtube wp-embed-aspect-16-9 wp-has-aspect-ratio\"><div class=\"wp-block-embed__wrapper\">\n<iframe loading=\"lazy\" title=\"\u0623\u0646\u0634\u0648\u062f\u0629 \u0627\u0644\u0644\u0647\u0645 \u0628\u0644\u063a\u0646\u0627 \u0631\u0645\u0636\u0627\u0646 | \u0623\u0646\u0627\u0634\u064a\u062f \u0631\u0645\u0636\u0627\u0646 - \u0623\u0646\u0627\u0634\u064a\u062f \u0625\u0633\u0644\u0627\u0645\u064a\u0629 \u0628\u062f\u0648\u0646 \u0645\u0648\u0633\u064a\u0642\u0649 - \u0623\u0646\u0627\u0634\u064a\u062f \u0627\u0644\u0631\u0648\u0636\u0629 \u0644\u0644\u0623\u0637\u0641\u0627\u0644\" width=\"640\" height=\"360\" src=\"https:\/\/www.youtube.com\/embed\/Up26XzR8BY0?feature=oembed\" frameborder=\"0\" allow=\"accelerometer; autoplay; clipboard-write; encrypted-media; gyroscope; picture-in-picture; web-share\" referrerpolicy=\"strict-origin-when-cross-origin\" allowfullscreen><\/iframe>\n<\/div><\/figure>\n\n\n\n<p><a href=\"https:\/\/arapca.com\/index.php\/arapca-muzikler\/arapca-cocuk-sarkilari\/\">Arap\u00e7a \u00c7ocuk \u015eark\u0131lar\u0131<\/a><\/p>\n\n\n\n<div class=\"wp-block-buttons is-layout-flex wp-block-buttons-is-layout-flex\">\n<div class=\"wp-block-button has-custom-width wp-block-button__width-50\"><a class=\"wp-block-button__link wp-element-button\" href=\"https:\/\/arapca.com\/index.php\/arapca-muzikler\/arapca-cocuk-sarkilari\/\">Arap\u00e7a \u00c7ocuk \u015eark\u0131lar\u0131<\/a><\/div>\n<\/div>\n\n\n\n<figure class=\"wp-block-image size-full\"><a href=\"https:\/\/arapca.com\/index.php\/arapca-muzikler\/arapca-cocuk-sarkilari\/\"><img data-recalc-dims=\"1\" loading=\"lazy\" decoding=\"async\" width=\"300\" height=\"168\" src=\"https:\/\/i0.wp.com\/arapca.com\/wp-content\/uploads\/2024\/11\/image-13.png?resize=300%2C168&#038;ssl=1\" alt=\"\" class=\"wp-image-19567\"\/><\/a><\/figure>\n\n\n\n<figure class=\"wp-block-image size-full is-resized\"><a href=\"https:\/\/arapca.com\/index.php\/arapca-muzikler\/arapca-cocuk-sarkilari\/\"><img data-recalc-dims=\"1\" loading=\"lazy\" decoding=\"async\" width=\"299\" height=\"168\" src=\"https:\/\/i0.wp.com\/arapca.com\/wp-content\/uploads\/2024\/11\/image-12.png?resize=299%2C168&#038;ssl=1\" alt=\"\" class=\"wp-image-19566\" style=\"width:297px;height:auto\"\/><\/a><\/figure>\n\n\n\n<p>Milli ve Dini Mar\u015flar<\/p>\n\n\n\n<p><a href=\"https:\/\/arapca.com\/index.php\/arapca-muzikler\/arapca-ilahiler\/\">\u0130lahiler<\/a><\/p>\n\n\n\n<p><strong>Arap M\u00fczisyenleri<\/strong><\/p>\n\n\n\n<figure class=\"wp-block-image size-large\"><a href=\"https:\/\/youtu.be\/rc0uiZEDLkU?list=PLJ33yi6FwcpwhwYW66rbuLSaJfOiG0qJo\"><img data-recalc-dims=\"1\" loading=\"lazy\" decoding=\"async\" width=\"640\" height=\"361\" src=\"https:\/\/i0.wp.com\/arapca.com\/wp-content\/uploads\/2024\/11\/muzisyen.jpg?resize=640%2C361&#038;ssl=1\" alt=\"\" class=\"wp-image-19565\" srcset=\"https:\/\/i0.wp.com\/arapca.com\/wp-content\/uploads\/2024\/11\/muzisyen.jpg?resize=1024%2C578&amp;ssl=1 1024w, https:\/\/i0.wp.com\/arapca.com\/wp-content\/uploads\/2024\/11\/muzisyen.jpg?resize=300%2C169&amp;ssl=1 300w, https:\/\/i0.wp.com\/arapca.com\/wp-content\/uploads\/2024\/11\/muzisyen.jpg?resize=768%2C434&amp;ssl=1 768w, https:\/\/i0.wp.com\/arapca.com\/wp-content\/uploads\/2024\/11\/muzisyen.jpg?resize=600%2C339&amp;ssl=1 600w, https:\/\/i0.wp.com\/arapca.com\/wp-content\/uploads\/2024\/11\/muzisyen.jpg?w=1101&amp;ssl=1 1101w\" sizes=\"auto, (max-width: 640px) 100vw, 640px\" \/><\/a><\/figure>\n\n\n\n<p><a href=\"https:\/\/arapca.com\/index.php\/arapca-muzikler\/fayrouz\/\">Fayrouz<\/a><\/p>\n\n\n\n<p><a href=\"https:\/\/youtu.be\/Vqfy4ScRXFQ\">Mahir Zain<\/a> &#8211; \u064a\u0627 \u0646\u064e\u0628\u064a<\/p>\n\n\n\n<p><a href=\"https:\/\/www.youtube.com\/watch?v=ldkO5sAQbhM\">Mahir Zain &#8211; Ful Alb\u00fcm<\/a><\/p>\n\n\n\n<p><a href=\"https:\/\/youtu.be\/nZSWRr7XXQc?list=PLJ33yi6FwcpwhwYW66rbuLSaJfOiG0qJo\">Qalbi Aleina &#8211; Iyad Rimawi<\/a><\/p>\n\n\n\n<p><a href=\"https:\/\/youtu.be\/k4luE50Od0E?list=PLJ33yi6FwcpwhwYW66rbuLSaJfOiG0qJo\">Pack The Bags &#8211; Iyad Rimawi<\/a><\/p>\n\n\n\n<p><a href=\"https:\/\/youtu.be\/rc0uiZEDLkU?list=PLJ33yi6FwcpwhwYW66rbuLSaJfOiG0qJo\">Mohamad Bash &#8211; Ahla Ayam \/ \u0645\u062d\u0645\u062f \u0628\u0627\u0634 &#8211; \u0623\u062d\u0644\u0649 \u0623\u064a\u0627\u0645<\/a><\/p>\n","protected":false},"excerpt":{"rendered":"<p>Arap\u00e7a \u00c7ocuk \u015eark\u0131lar\u0131 Milli ve Dini Mar\u015flar \u0130lahiler Arap M\u00fczisyenleri Fayrouz Mahir Zain &#8211; \u064a\u0627 \u0646\u064e\u0628\u064a Mahir Zain &#8211; Ful Alb\u00fcm Qalbi Aleina &#8211; Iyad Rimawi Pack The Bags &#8211; Iyad Rimawi Mohamad Bash &#8211; Ahla Ayam \/ \u0645\u062d\u0645\u062f \u0628\u0627\u0634 &hellip; <\/p>\n","protected":false},"author":2,"featured_media":0,"parent":0,"menu_order":0,"comment_status":"closed","ping_status":"closed","template":"","meta":{"_bbp_topic_count":0,"_bbp_reply_count":0,"_bbp_total_topic_count":0,"_bbp_total_reply_count":0,"_bbp_voice_count":0,"_bbp_anonymous_reply_count":0,"_bbp_topic_count_hidden":0,"_bbp_reply_count_hidden":0,"_bbp_forum_subforum_count":0,"footnotes":""},"class_list":["post-17483","page","type-page","status-publish","hentry"],"jetpack_sharing_enabled":true,"jetpack_likes_enabled":true,"_links":{"self":[{"href":"https:\/\/arapca.com\/index.php\/wp-json\/wp\/v2\/pages\/17483","targetHints":{"allow":["GET"]}}],"collection":[{"href":"https:\/\/arapca.com\/index.php\/wp-json\/wp\/v2\/pages"}],"about":[{"href":"https:\/\/arapca.com\/index.php\/wp-json\/wp\/v2\/types\/page"}],"author":[{"embeddable":true,"href":"https:\/\/arapca.com\/index.php\/wp-json\/wp\/v2\/users\/2"}],"replies":[{"embeddable":true,"href":"https:\/\/arapca.com\/index.php\/wp-json\/wp\/v2\/comments?post=17483"}],"version-history":[{"count":9,"href":"https:\/\/arapca.com\/index.php\/wp-json\/wp\/v2\/pages\/17483\/revisions"}],"predecessor-version":[{"id":22310,"href":"https:\/\/arapca.com\/index.php\/wp-json\/wp\/v2\/pages\/17483\/revisions\/22310"}],"wp:attachment":[{"href":"https:\/\/arapca.com\/index.php\/wp-json\/wp\/v2\/media?parent=17483"}],"curies":[{"name":"wp","href":"https:\/\/api.w.org\/{rel}","templated":true}]}}