{"id":17373,"date":"2023-10-25T13:11:28","date_gmt":"2023-10-25T10:11:28","guid":{"rendered":"https:\/\/arapca.com\/?page_id=17373"},"modified":"2025-06-25T08:43:41","modified_gmt":"2025-06-25T05:43:41","slug":"evimiz-ve-ailem","status":"publish","type":"page","link":"https:\/\/arapca.com\/index.php\/arapca-hikayeler\/evimiz-ve-ailem\/","title":{"rendered":"Evimiz ve Ailem"},"content":{"rendered":"\n<p><\/p>\n\n\n\n<p class=\"has-text-align-center has-large-font-size\"><strong>\u0639\u0627\u0626\u0650\u0644\u064e\u062a\u064a \u0627\u0644\u0652\u062d\u064e\u0628\u064a\u0628\u0629 \u0648\u064e\u0628\u064e\u064a\u062a\u064f\u0646\u0627 \u0627\u0644\u062c\u064e\u0645\u064a\u0644<\/strong><\/p>\n\n\n<div class=\"wp-block-image\">\n<figure class=\"aligncenter size-full\"><img data-recalc-dims=\"1\" loading=\"lazy\" decoding=\"async\" width=\"569\" height=\"691\" src=\"https:\/\/i0.wp.com\/arapca.com\/wp-content\/uploads\/2023\/10\/ailemiz-ve-evimiz.jpg?resize=569%2C691&#038;ssl=1\" alt=\"\" class=\"wp-image-17374\" srcset=\"https:\/\/i0.wp.com\/arapca.com\/wp-content\/uploads\/2023\/10\/ailemiz-ve-evimiz.jpg?w=569&amp;ssl=1 569w, https:\/\/i0.wp.com\/arapca.com\/wp-content\/uploads\/2023\/10\/ailemiz-ve-evimiz.jpg?resize=247%2C300&amp;ssl=1 247w\" sizes=\"auto, (max-width: 569px) 100vw, 569px\" \/><\/figure>\n<\/div>\n\n\n<p class=\"has-text-align-right has-medium-font-size\">\u0623\u0646\u0627 \u0648\u0639\u0627\u0626\u0650\u0644\u062a\u064a \u0646\u064e\u0639\u064a\u0634 \u0641\u064a \u0628\u064e\u064a\u062a \u0635\u064e\u063a\u064a\u0631 \u0648\u064e\u062c\u064e\u0645\u064a\u0644 \u0641\u064a \u0642\u064e\u0631\u064a\u0629 \u0647\u0627\u062f\u0650\u0626\u0629. \u0646\u064e\u062d\u0646\u064f \u0639\u0627\u0626\u0650\u0644\u0629 \u0633\u064e\u0639\u064a\u062f\u0629 \u062a\u064e\u062a\u064e\u0643\u064e\u0648\u0651\u064e\u0646\u064f \u0645\u0650\u0646 \u0623\u0628\u064a \u0648\u064e\u0623\u064f\u0645\u0650\u0651\u064a \u0648\u064e\u0623\u064e\u062e\u064a \u0627\u0644\u0623\u064e\u0635\u063a\u064e\u0631\u060c \u0648\u0628\u0650\u0627\u0644\u0637\u0651\u064e\u0628\u0639\u0650 \u0623\u0646\u0627. \u0646\u064e\u062d\u0646\u064f \u0646\u064f\u062d\u0650\u0628\u0651\u064f \u0628\u064e\u064a\u062a\u064f\u0646\u0627 \u0643\u064e\u062b\u064a\u0631\u0627\u064b \u0648\u0646\u064e\u0639\u062a\u064e\u0646\u064a \u0628\u0650\u0647\u0650 \u0628\u0650\u0634\u064e\u0643\u0644\u064d \u062c\u064e\u064a\u0650\u0651\u062f<\/p>\n\n\n\n<p class=\"has-text-align-right has-medium-font-size\">\u0628\u064e\u064a\u062a\u064f\u0646\u0627 \u064a\u064e\u062a\u064e\u0623\u064e\u0644\u0651\u064e\u0641\u064f \u0645\u0650\u0646 \u063a\u064f\u0631\u0641\u0629 \u0645\u064e\u0639\u064a\u0634\u0629 \u0645\u064f\u0631\u064a\u062d\u0629 \u062d\u064e\u064a\u062b\u064f \u0646\u064e\u062c\u062a\u064e\u0645\u0650\u0639\u064f \u0643\u064f\u0644\u0651\u064e \u064a\u064e\u0648\u0645\u064d \u0644\u0650\u0646\u064e\u062a\u064e\u062d\u064e\u062f\u0651\u064e\u062b \u0648\u064e\u0646\u064f\u0634\u0627\u0631\u0650\u0643 \u0627\u0644\u0623\u062e\u0628\u0627\u0631. \u0647\u064f\u0646\u0627\u0643 \u0623\u064e\u064a\u0636\u064b\u0627 \u0645\u064e\u0637\u0628\u064e\u062e \u0635\u064e\u063a\u064a\u0631 \u0648\u064e\u0645\u064f\u0645\u062a\u0650\u0639\u064c \u062d\u064e\u064a\u062b \u062a\u064f\u0639\u064e\u0644\u0650\u0651\u0645\u064f\u0646\u0627 \u0623\u064f\u0645\u0650\u0651\u064a \u0643\u064e\u064a\u0641\u064e \u0646\u064e\u0637\u0652\u0647\u0648 \u0623\u064e\u0634\u0647\u0649 \u0627\u0644\u0648\u064e\u062c\u064e\u0628\u0627\u062a. \u063a\u0631\u0641\u062a\u064a \u0627\u0644\u062e\u0627\u0635\u0629 \u0647\u064a \u0627\u0644\u0645\u0643\u0627\u0646 \u0627\u0644\u0630\u064a \u0623\u062d\u0628 \u0623\u0646 \u0623\u0642\u0636\u064a \u0641\u064a\u0647 \u0648\u0642\u062a\u064a\u060c \u0648\u0623\u062a\u0639\u0644\u0645 \u0641\u064a\u0647 \u0648\u0623\u0644\u0639\u0628 \u0645\u0639 \u0623\u0644\u0639\u0627\u0628\u064a.<\/p>\n\n\n\n<p class=\"has-text-align-right has-medium-font-size\">\u0646\u062d\u0646 \u062f\u0627\u0626\u0645\u0627\u064b \u0646\u0639\u062a\u0646\u064a \u0628\u062d\u062f\u064a\u0642\u0629 \u0645\u0646\u0632\u0644\u0646\u0627. \u0646\u0632\u0631\u0639 \u0627\u0644\u0632\u0647\u0648\u0631 \u0648\u0646\u0642\u0648\u0645 \u0628\u0631\u0639\u0627\u064a\u062a\u0647\u0627 \u0628\u0639\u0646\u0627\u064a\u0629. \u0647\u0646\u0627\u0643 \u0634\u062c\u0631\u0629 \u0643\u0628\u064a\u0631\u0629 \u0641\u064a \u0627\u0644\u062d\u062f\u064a\u0642\u0629 \u062d\u064a\u062b \u0646\u0633\u062a\u0645\u062a\u0639 \u0628\u0627\u0644\u0644\u0639\u0628 \u062a\u062d\u062a \u0638\u0644\u0647\u0627 \u0641\u064a \u0627\u0644\u0623\u064a\u0627\u0645 \u0627\u0644\u062d\u0627\u0631\u0629.<\/p>\n\n\n\n<p class=\"has-text-align-right has-medium-font-size\">\u0646\u062d\u0646 \u0646\u0641\u0639\u0644 \u0627\u0644\u0643\u062b\u064a\u0631 \u0645\u0646 \u0627\u0644\u0623\u0634\u064a\u0627\u0621 \u0645\u0639\u064b\u0627 \u0643\u0639\u0627\u0626\u0644\u0629. \u0641\u064a \u0639\u0637\u0644 \u0646\u0647\u0627\u064a\u0629 \u0627\u0644\u0623\u0633\u0628\u0648\u0639\u060c \u0646\u062e\u0631\u062c \u0645\u0639\u064b\u0627 \u0644\u0631\u062d\u0644\u0627\u062a \u0645\u0645\u062a\u0639\u0629. \u0646\u0632\u0648\u0631 \u0627\u0644\u062d\u062f\u0627\u0626\u0642 \u0648\u0627\u0644\u0645\u062a\u0646\u0632\u0647\u0627\u062a\u060c \u0648\u0646\u0642\u0636\u064a \u0623\u0648\u0642\u0627\u062a \u0631\u0627\u0626\u0639\u0629.<\/p>\n\n\n\n<p class=\"has-text-align-right has-medium-font-size\">\u0646\u062d\u0646 \u0646\u062d\u0628 \u0645\u0646\u0632\u0644\u0646\u0627 \u0648\u0639\u0627\u0626\u0644\u062a\u0646\u0627 \u0623\u0643\u062b\u0631 \u0645\u0646 \u0623\u064a \u0634\u064a\u0621 \u0622\u062e\u0631 \u0641\u064a \u0627\u0644\u0639\u0627\u0644\u0645. \u0625\u0646\u0647 \u0645\u0643\u0627\u0646 \u064a\u0645\u0644\u0624\u0647 \u0627\u0644\u0633\u0639\u0627\u062f\u0629 \u0648\u0627\u0644\u0645\u062d\u0628\u0629. \u0646\u062d\u0646 \u0646\u062a\u0639\u0644\u0645 \u0645\u0646 \u0628\u0639\u0636\u0646\u0627 \u0627\u0644\u0628\u0639\u0636 \u0648\u0646\u0645\u0636\u064a \u0648\u0642\u062a\u0627\u064b \u062c\u0645\u064a\u0644\u0627\u064b \u0641\u064a \u062c\u0639\u0644 \u0645\u0646\u0632\u0644\u0646\u0627 \u0645\u0643\u0627\u0646\u0627\u064b \u062f\u0627\u0641\u0626\u064b\u0627 \u0648\u0645\u0631\u064a\u062d\u064b\u0627.<\/p>\n\n\n\n<p class=\"has-text-align-right has-medium-font-size\">\u0647\u0643\u0630\u0627\u060c \u062a\u0639\u064a\u0634 \u0639\u0627\u0626\u0644\u062a\u064a \u0627\u0644\u0633\u0639\u064a\u062f\u0629 \u0641\u064a \u0645\u0646\u0632\u0644\u0647\u0627 \u0627\u0644\u0635\u063a\u064a\u0631 \u0648\u0627\u0644\u062c\u0645\u064a\u0644. \u0625\u0646\u0647\u0627 \u0645\u0643\u0627\u0646 \u0645\u0644\u064a\u0621 \u0628\u0627\u0644\u062d\u0628 \u0648\u0627\u0644\u0641\u0631\u062d\u060c \u0648\u0646\u062d\u0646 \u0646\u0634\u0639\u0631 \u0628\u0627\u0644\u0627\u0645\u062a\u0646\u0627\u0646 \u062f\u0627\u0626\u0645\u0627\u064b \u0644\u0648\u062c\u0648\u062f \u0639\u0627\u0626\u0644\u062a\u0646\u0627 \u0648\u0628\u064a\u062a\u0646\u0627 \u0627\u0644\u0631\u0627\u0626\u0639.<\/p>\n\n\n\n<figure class=\"wp-block-video\"><video height=\"776\" style=\"aspect-ratio: 794 \/ 776;\" width=\"794\" controls src=\"https:\/\/arapca.com\/wp-content\/uploads\/2023\/10\/Sevgili-ailem-ve-evimiz.mp4\"><\/video><\/figure>\n\n\n\n<p>Ailem ve ben sakin bir k\u00f6yde k\u00fc\u00e7\u00fck, g\u00fczel bir evde ya\u015f\u0131yoruz. Babam, annem, k\u00fc\u00e7\u00fck karde\u015fim ve tabii ki benden olu\u015fan mutlu bir aileyiz. Evimizi \u00e7ok seviyoruz ve ona iyi bak\u0131yoruz<\/p>\n\n\n\n<p>Evimiz, her g\u00fcn konu\u015fmak ve haberleri payla\u015fmak i\u00e7in bir araya geldi\u011fimiz rahat bir oturma odas\u0131ndan olu\u015fur. Ayr\u0131ca annemin bize lezzetli yemeklerin nas\u0131l pi\u015firilece\u011fini \u00f6\u011fretti\u011fi e\u011flenceli k\u00fc\u00e7\u00fck bir mutfak da var. Kendi odam zaman\u0131m\u0131 ge\u00e7irmeyi, \u00f6\u011frenmeyi ve oyuncaklar\u0131mla oynamay\u0131 sevdi\u011fim yerdir.<\/p>\n\n\n\n<p>Bah\u00e7emize her zaman \u00f6zen g\u00f6steriyoruz. \u00c7i\u00e7ek yeti\u015ftiriyoruz ve onlara \u00f6zenle bak\u0131yoruz. Bah\u00e7ede s\u0131cak g\u00fcnlerde g\u00f6lgesinde oynamaktan keyif ald\u0131\u011f\u0131m\u0131z b\u00fcy\u00fck bir a\u011fa\u00e7 var.<\/p>\n\n\n\n<p>Aile olarak bir\u00e7ok \u015feyi birlikte yap\u0131yoruz. Hafta sonlar\u0131 birlikte e\u011flenceli gezilere \u00e7\u0131k\u0131yoruz. Parklar\u0131, bah\u00e7eleri geziyoruz, harika vakit ge\u00e7iriyoruz.<\/p>\n\n\n\n<p>Evimizi ve ailemizi d\u00fcnyadaki her \u015feyden daha \u00e7ok seviyoruz. Mutluluk ve sevgi dolu bir yer. Birbirimizden \u00f6\u011freniyoruz ve evimizi s\u0131cak ve rahat bir yer haline getirerek g\u00fczel vakit ge\u00e7iriyoruz.<\/p>\n\n\n\n<p>Mutlu ailem g\u00fczel k\u00fc\u00e7\u00fck evlerinde ya\u015f\u0131yor. Buras\u0131 sevgi ve ne\u015fe dolu bir yer; ailemize ve harika evimize sahip oldu\u011fumuz i\u00e7in her zaman minnettar\u0131z.<\/p>\n","protected":false},"excerpt":{"rendered":"<p>\u0639\u0627\u0626\u0650\u0644\u064e\u062a\u064a \u0627\u0644\u0652\u062d\u064e\u0628\u064a\u0628\u0629 \u0648\u064e\u0628\u064e\u064a\u062a\u064f\u0646\u0627 \u0627\u0644\u062c\u064e\u0645\u064a\u0644 \u0623\u0646\u0627 \u0648\u0639\u0627\u0626\u0650\u0644\u062a\u064a \u0646\u064e\u0639\u064a\u0634 \u0641\u064a \u0628\u064e\u064a\u062a \u0635\u064e\u063a\u064a\u0631 \u0648\u064e\u062c\u064e\u0645\u064a\u0644 \u0641\u064a \u0642\u064e\u0631\u064a\u0629 \u0647\u0627\u062f\u0650\u0626\u0629. \u0646\u064e\u062d\u0646\u064f \u0639\u0627\u0626\u0650\u0644\u0629 \u0633\u064e\u0639\u064a\u062f\u0629 \u062a\u064e\u062a\u064e\u0643\u064e\u0648\u0651\u064e\u0646\u064f \u0645\u0650\u0646 \u0623\u0628\u064a \u0648\u064e\u0623\u064f\u0645\u0650\u0651\u064a \u0648\u064e\u0623\u064e\u062e\u064a \u0627\u0644\u0623\u064e\u0635\u063a\u064e\u0631\u060c \u0648\u0628\u0650\u0627\u0644\u0637\u0651\u064e\u0628\u0639\u0650 \u0623\u0646\u0627. \u0646\u064e\u062d\u0646\u064f \u0646\u064f\u062d\u0650\u0628\u0651\u064f \u0628\u064e\u064a\u062a\u064f\u0646\u0627 \u0643\u064e\u062b\u064a\u0631\u0627\u064b \u0648\u0646\u064e\u0639\u062a\u064e\u0646\u064a \u0628\u0650\u0647\u0650 \u0628\u0650\u0634\u064e\u0643\u0644\u064d \u062c\u064e\u064a\u0650\u0651\u062f \u0628\u064e\u064a\u062a\u064f\u0646\u0627 \u064a\u064e\u062a\u064e\u0623\u064e\u0644\u0651\u064e\u0641\u064f \u0645\u0650\u0646 \u063a\u064f\u0631\u0641\u0629 \u0645\u064e\u0639\u064a\u0634\u0629 \u0645\u064f\u0631\u064a\u062d\u0629 \u062d\u064e\u064a\u062b\u064f &hellip; <\/p>\n","protected":false},"author":2,"featured_media":17380,"parent":16990,"menu_order":0,"comment_status":"closed","ping_status":"closed","template":"","meta":{"_bbp_topic_count":0,"_bbp_reply_count":0,"_bbp_total_topic_count":0,"_bbp_total_reply_count":0,"_bbp_voice_count":0,"_bbp_anonymous_reply_count":0,"_bbp_topic_count_hidden":0,"_bbp_reply_count_hidden":0,"_bbp_forum_subforum_count":0,"footnotes":""},"class_list":["post-17373","page","type-page","status-publish","has-post-thumbnail","hentry"],"jetpack_sharing_enabled":true,"jetpack_likes_enabled":true,"_links":{"self":[{"href":"https:\/\/arapca.com\/index.php\/wp-json\/wp\/v2\/pages\/17373","targetHints":{"allow":["GET"]}}],"collection":[{"href":"https:\/\/arapca.com\/index.php\/wp-json\/wp\/v2\/pages"}],"about":[{"href":"https:\/\/arapca.com\/index.php\/wp-json\/wp\/v2\/types\/page"}],"author":[{"embeddable":true,"href":"https:\/\/arapca.com\/index.php\/wp-json\/wp\/v2\/users\/2"}],"replies":[{"embeddable":true,"href":"https:\/\/arapca.com\/index.php\/wp-json\/wp\/v2\/comments?post=17373"}],"version-history":[{"count":2,"href":"https:\/\/arapca.com\/index.php\/wp-json\/wp\/v2\/pages\/17373\/revisions"}],"predecessor-version":[{"id":17378,"href":"https:\/\/arapca.com\/index.php\/wp-json\/wp\/v2\/pages\/17373\/revisions\/17378"}],"up":[{"embeddable":true,"href":"https:\/\/arapca.com\/index.php\/wp-json\/wp\/v2\/pages\/16990"}],"wp:featuredmedia":[{"embeddable":true,"href":"https:\/\/arapca.com\/index.php\/wp-json\/wp\/v2\/media\/17380"}],"wp:attachment":[{"href":"https:\/\/arapca.com\/index.php\/wp-json\/wp\/v2\/media?parent=17373"}],"curies":[{"name":"wp","href":"https:\/\/api.w.org\/{rel}","templated":true}]}}