{"id":17351,"date":"2023-10-22T13:29:50","date_gmt":"2023-10-22T10:29:50","guid":{"rendered":"https:\/\/arapca.com\/?page_id=17351"},"modified":"2023-10-22T13:29:53","modified_gmt":"2023-10-22T10:29:53","slug":"bir-esegin-hatiralari","status":"publish","type":"page","link":"https:\/\/arapca.com\/index.php\/arapca-hikayeler\/bir-esegin-hatiralari\/","title":{"rendered":"Bir E\u015fe\u011fin Hat\u0131ralar\u0131"},"content":{"rendered":"\n<div class=\"_df_book df-lite\" id=\"df_17348\"  _slug=\"bir-esegin-hatiralari\" data-title=\"bir-esegin-hatiralari\" wpoptions=\"true\" thumbtype=\"\" ><\/div><script class=\"df-shortcode-script\" nowprocket type=\"application\/javascript\">window.option_df_17348 = {\"outline\":[],\"autoEnableOutline\":\"false\",\"autoEnableThumbnail\":\"false\",\"overwritePDFOutline\":\"false\",\"direction\":\"2\",\"pageSize\":\"0\",\"source\":\"https:\\\/\\\/arapca.com\\\/wp-content\\\/uploads\\\/2023\\\/10\\\/\\u062e\\u0648\\u0627\\u0637\\u0631_\\u062d\\u0645\\u0627\\u0631.pdf\",\"wpOptions\":\"true\"}; if(window.DFLIP && window.DFLIP.parseBooks){window.DFLIP.parseBooks();}<\/script>\n","protected":false},"excerpt":{"rendered":"","protected":false},"author":2,"featured_media":0,"parent":16990,"menu_order":0,"comment_status":"closed","ping_status":"closed","template":"","meta":{"_bbp_topic_count":0,"_bbp_reply_count":0,"_bbp_total_topic_count":0,"_bbp_total_reply_count":0,"_bbp_voice_count":0,"_bbp_anonymous_reply_count":0,"_bbp_topic_count_hidden":0,"_bbp_reply_count_hidden":0,"_bbp_forum_subforum_count":0,"footnotes":""},"class_list":["post-17351","page","type-page","status-publish","hentry"],"jetpack_sharing_enabled":true,"jetpack_likes_enabled":true,"_links":{"self":[{"href":"https:\/\/arapca.com\/index.php\/wp-json\/wp\/v2\/pages\/17351","targetHints":{"allow":["GET"]}}],"collection":[{"href":"https:\/\/arapca.com\/index.php\/wp-json\/wp\/v2\/pages"}],"about":[{"href":"https:\/\/arapca.com\/index.php\/wp-json\/wp\/v2\/types\/page"}],"author":[{"embeddable":true,"href":"https:\/\/arapca.com\/index.php\/wp-json\/wp\/v2\/users\/2"}],"replies":[{"embeddable":true,"href":"https:\/\/arapca.com\/index.php\/wp-json\/wp\/v2\/comments?post=17351"}],"version-history":[{"count":1,"href":"https:\/\/arapca.com\/index.php\/wp-json\/wp\/v2\/pages\/17351\/revisions"}],"predecessor-version":[{"id":17352,"href":"https:\/\/arapca.com\/index.php\/wp-json\/wp\/v2\/pages\/17351\/revisions\/17352"}],"up":[{"embeddable":true,"href":"https:\/\/arapca.com\/index.php\/wp-json\/wp\/v2\/pages\/16990"}],"wp:attachment":[{"href":"https:\/\/arapca.com\/index.php\/wp-json\/wp\/v2\/media?parent=17351"}],"curies":[{"name":"wp","href":"https:\/\/api.w.org\/{rel}","templated":true}]}}