{"id":17297,"date":"2023-10-21T17:44:44","date_gmt":"2023-10-21T14:44:44","guid":{"rendered":"https:\/\/arapca.com\/?page_id=17297"},"modified":"2023-10-21T17:44:46","modified_gmt":"2023-10-21T14:44:46","slug":"edatlar","status":"publish","type":"page","link":"https:\/\/arapca.com\/index.php\/edatlar\/","title":{"rendered":"EDATLAR"},"content":{"rendered":"\n<p>HARFLER VE EDATLAR<\/p>\n\n\n\n<p>HARF-\u0130 CERLER<\/p>\n\n\n\n<p>Y\u00d6N BEL\u0130RTEN EDATLAR<\/p>\n\n\n\n<p>ZAMAN BEL\u0130RTEN EDATLAR<\/p>\n\n\n\n<p>D\u0130\u011eER EDATLAR<\/p>\n","protected":false},"excerpt":{"rendered":"<p>HARFLER VE EDATLAR HARF-\u0130 CERLER Y\u00d6N BEL\u0130RTEN EDATLAR ZAMAN BEL\u0130RTEN EDATLAR D\u0130\u011eER EDATLAR<\/p>\n","protected":false},"author":2,"featured_media":0,"parent":0,"menu_order":0,"comment_status":"closed","ping_status":"closed","template":"","meta":{"_bbp_topic_count":0,"_bbp_reply_count":0,"_bbp_total_topic_count":0,"_bbp_total_reply_count":0,"_bbp_voice_count":0,"_bbp_anonymous_reply_count":0,"_bbp_topic_count_hidden":0,"_bbp_reply_count_hidden":0,"_bbp_forum_subforum_count":0,"footnotes":""},"class_list":["post-17297","page","type-page","status-publish","hentry"],"jetpack_sharing_enabled":true,"jetpack_likes_enabled":true,"_links":{"self":[{"href":"https:\/\/arapca.com\/index.php\/wp-json\/wp\/v2\/pages\/17297","targetHints":{"allow":["GET"]}}],"collection":[{"href":"https:\/\/arapca.com\/index.php\/wp-json\/wp\/v2\/pages"}],"about":[{"href":"https:\/\/arapca.com\/index.php\/wp-json\/wp\/v2\/types\/page"}],"author":[{"embeddable":true,"href":"https:\/\/arapca.com\/index.php\/wp-json\/wp\/v2\/users\/2"}],"replies":[{"embeddable":true,"href":"https:\/\/arapca.com\/index.php\/wp-json\/wp\/v2\/comments?post=17297"}],"version-history":[{"count":1,"href":"https:\/\/arapca.com\/index.php\/wp-json\/wp\/v2\/pages\/17297\/revisions"}],"predecessor-version":[{"id":17299,"href":"https:\/\/arapca.com\/index.php\/wp-json\/wp\/v2\/pages\/17297\/revisions\/17299"}],"wp:attachment":[{"href":"https:\/\/arapca.com\/index.php\/wp-json\/wp\/v2\/media?parent=17297"}],"curies":[{"name":"wp","href":"https:\/\/api.w.org\/{rel}","templated":true}]}}