{"id":17028,"date":"2023-10-07T09:18:33","date_gmt":"2023-10-07T06:18:33","guid":{"rendered":"https:\/\/arapca.com\/?page_id=17028"},"modified":"2024-11-08T19:04:01","modified_gmt":"2024-11-08T16:04:01","slug":"cizgi-filmler","status":"publish","type":"page","link":"https:\/\/arapca.com\/index.php\/cizgi-filmler\/","title":{"rendered":"\u00c7izgi Filmler"},"content":{"rendered":"\n<figure class=\"wp-block-embed is-type-video is-provider-youtube wp-block-embed-youtube wp-embed-aspect-16-9 wp-has-aspect-ratio\"><div class=\"wp-block-embed__wrapper\">\n<iframe loading=\"lazy\" title=\"Arap\u00e7a \u00c7izgi Film||Ata El-Basri(Altyaz\u0131l\u0131)\" width=\"640\" height=\"360\" src=\"https:\/\/www.youtube.com\/embed\/65h_cq1xGVw?feature=oembed\" frameborder=\"0\" allow=\"accelerometer; autoplay; clipboard-write; encrypted-media; gyroscope; picture-in-picture; web-share\" referrerpolicy=\"strict-origin-when-cross-origin\" allowfullscreen><\/iframe>\n<\/div><\/figure>\n\n\n\n<p><a href=\"https:\/\/arapca.com\/index.php\/cizgi-filmler\/masa-ve-ayi\/\">Ma\u015fa ve  Koca Ay\u0131<\/a><\/p>\n\n\n\n<p><a href=\"https:\/\/arapca.com\/index.php\/cizgi-filmler\/vefali-dost\/\">\u0627\u0644\u0635\u062f\u064a\u0642 \u0627\u0644\u0648\u0641\u064a  Vefal\u0131 Dost<\/a><\/p>\n\n\n\n<p><a href=\"https:\/\/arapca.com\/index.php\/cizgi-filmler\/durust-adam\/\">D\u00fcr\u00fcst Adam<\/a><\/p>\n\n\n\n<p><a href=\"https:\/\/arapca.com\/index.php\/cizgi-filmler\/firat-suvarisi\/\">F\u0131rat  Suvarisi<\/a><\/p>\n\n\n\n<p><a href=\"https:\/\/arapca.com\/index.php\/cizgi-filmler\/el-muhenned\/\">M\u00fchenned<\/a><\/p>\n\n\n\n<p><a href=\"https:\/\/arapca.com\/index.php\/cizgi-filmler\/selahattin-eyyubi\/\">Selahaddin Eyyubi<\/a><\/p>\n\n\n\n<p><a href=\"https:\/\/arapca.com\/index.php\/cizgi-filmler\/fatih-sultan-mehmet\/\">Fatih Sultan Mehmet<\/a><\/p>\n\n\n\n<p><a href=\"https:\/\/arapca.com\/index.php\/cizgi-filmler\/omer-ve-hana-cizgi-film\/\">\u00d6mer ve Hana<\/a><\/p>\n","protected":false},"excerpt":{"rendered":"<p>Ma\u015fa ve Koca Ay\u0131 \u0627\u0644\u0635\u062f\u064a\u0642 \u0627\u0644\u0648\u0641\u064a Vefal\u0131 Dost D\u00fcr\u00fcst Adam F\u0131rat Suvarisi M\u00fchenned Selahaddin Eyyubi Fatih Sultan Mehmet \u00d6mer ve Hana<\/p>\n","protected":false},"author":2,"featured_media":0,"parent":0,"menu_order":0,"comment_status":"closed","ping_status":"closed","template":"","meta":{"_bbp_topic_count":0,"_bbp_reply_count":0,"_bbp_total_topic_count":0,"_bbp_total_reply_count":0,"_bbp_voice_count":0,"_bbp_anonymous_reply_count":0,"_bbp_topic_count_hidden":0,"_bbp_reply_count_hidden":0,"_bbp_forum_subforum_count":0,"advanced_seo_description":"","jetpack_seo_html_title":"","jetpack_seo_noindex":false,"footnotes":""},"class_list":["post-17028","page","type-page","status-publish","hentry"],"jetpack_sharing_enabled":true,"jetpack_likes_enabled":true,"_links":{"self":[{"href":"https:\/\/arapca.com\/index.php\/wp-json\/wp\/v2\/pages\/17028","targetHints":{"allow":["GET"]}}],"collection":[{"href":"https:\/\/arapca.com\/index.php\/wp-json\/wp\/v2\/pages"}],"about":[{"href":"https:\/\/arapca.com\/index.php\/wp-json\/wp\/v2\/types\/page"}],"author":[{"embeddable":true,"href":"https:\/\/arapca.com\/index.php\/wp-json\/wp\/v2\/users\/2"}],"replies":[{"embeddable":true,"href":"https:\/\/arapca.com\/index.php\/wp-json\/wp\/v2\/comments?post=17028"}],"version-history":[{"count":11,"href":"https:\/\/arapca.com\/index.php\/wp-json\/wp\/v2\/pages\/17028\/revisions"}],"predecessor-version":[{"id":19231,"href":"https:\/\/arapca.com\/index.php\/wp-json\/wp\/v2\/pages\/17028\/revisions\/19231"}],"wp:attachment":[{"href":"https:\/\/arapca.com\/index.php\/wp-json\/wp\/v2\/media?parent=17028"}],"curies":[{"name":"wp","href":"https:\/\/api.w.org\/{rel}","templated":true}]}}