{"id":16990,"date":"2023-10-06T15:07:56","date_gmt":"2023-10-06T12:07:56","guid":{"rendered":"https:\/\/arapca.com\/?page_id=16990"},"modified":"2026-02-14T11:15:10","modified_gmt":"2026-02-14T08:15:10","slug":"arapca-hikayeler","status":"publish","type":"page","link":"https:\/\/arapca.com\/index.php\/arapca-hikayeler\/","title":{"rendered":"Arap\u00e7a Hikayeler"},"content":{"rendered":"\n<p><strong>H5P<\/strong>&#8216;de d\u00fczenlenmi\u015f e-book <em><a href=\"https:\/\/arapca.com\/index.php\/hikayeler\/hikayeleri-nasil-okuyalim\/\">Hikayeleri Nas\u0131l Okuyabiliriz?<\/a><\/em><\/p>\n\n\n<div class=\"wp-block-image\">\n<figure class=\"aligncenter size-large\"><img data-recalc-dims=\"1\" loading=\"lazy\" decoding=\"async\" width=\"640\" height=\"320\" src=\"https:\/\/i0.wp.com\/arapca.com\/wp-content\/uploads\/2024\/10\/u6192975324_Teacher_in_Arabic_lessons_in_the_classroom_for_20_c2d5c870-48a1-450d-b2fd-6ad834993965_2.png?resize=640%2C320&#038;ssl=1\" alt=\"\" class=\"wp-image-18926\" srcset=\"https:\/\/i0.wp.com\/arapca.com\/wp-content\/uploads\/2024\/10\/u6192975324_Teacher_in_Arabic_lessons_in_the_classroom_for_20_c2d5c870-48a1-450d-b2fd-6ad834993965_2.png?resize=1024%2C512&amp;ssl=1 1024w, https:\/\/i0.wp.com\/arapca.com\/wp-content\/uploads\/2024\/10\/u6192975324_Teacher_in_Arabic_lessons_in_the_classroom_for_20_c2d5c870-48a1-450d-b2fd-6ad834993965_2.png?resize=300%2C150&amp;ssl=1 300w, https:\/\/i0.wp.com\/arapca.com\/wp-content\/uploads\/2024\/10\/u6192975324_Teacher_in_Arabic_lessons_in_the_classroom_for_20_c2d5c870-48a1-450d-b2fd-6ad834993965_2.png?resize=768%2C384&amp;ssl=1 768w, https:\/\/i0.wp.com\/arapca.com\/wp-content\/uploads\/2024\/10\/u6192975324_Teacher_in_Arabic_lessons_in_the_classroom_for_20_c2d5c870-48a1-450d-b2fd-6ad834993965_2.png?resize=600%2C300&amp;ssl=1 600w, https:\/\/i0.wp.com\/arapca.com\/wp-content\/uploads\/2024\/10\/u6192975324_Teacher_in_Arabic_lessons_in_the_classroom_for_20_c2d5c870-48a1-450d-b2fd-6ad834993965_2.png?w=1536&amp;ssl=1 1536w, https:\/\/i0.wp.com\/arapca.com\/wp-content\/uploads\/2024\/10\/u6192975324_Teacher_in_Arabic_lessons_in_the_classroom_for_20_c2d5c870-48a1-450d-b2fd-6ad834993965_2.png?w=1280&amp;ssl=1 1280w\" sizes=\"auto, (max-width: 640px) 100vw, 640px\" \/><\/figure>\n<\/div>\n\n\n<div class=\"wp-block-buttons is-layout-flex wp-block-buttons-is-layout-flex\">\n<div class=\"wp-block-button has-custom-width wp-block-button__width-50\"><a class=\"wp-block-button__link has-primary-background-color has-background wp-element-button\" href=\"https:\/\/arapca.com\/index.php\/hikayeler\/a1-hikayeler\/\">A1 D\u00dcZEY\u0130NDE H\u0130KAYELER<\/a><\/div>\n\n\n\n<div class=\"wp-block-button has-custom-width wp-block-button__width-50\"><a class=\"wp-block-button__link has-primary-background-color has-background wp-element-button\" href=\"https:\/\/arapca.com\/index.php\/hikayeler\/a2-duzeyinde-arapca-hikayeler\/\">A2 D\u00dcZEY\u0130NDE H\u0130KAYELER<\/a><\/div>\n\n\n\n<div class=\"wp-block-button has-custom-width wp-block-button__width-50\"><a class=\"wp-block-button__link has-primary-background-color has-background wp-element-button\" href=\"https:\/\/arapca.com\/index.php\/hikayeler\/b1-duzeyinde-hikayeler\/\">B1 D\u00dcZEY\u0130NDE H\u0130KAYELER<\/a><\/div>\n\n\n\n<div class=\"wp-block-button has-custom-width wp-block-button__width-50\"><a class=\"wp-block-button__link has-primary-background-color has-background wp-element-button\" href=\"https:\/\/arapca.com\/index.php\/b2-hikayeler\/\">B2 D\u00dcZEY\u0130NDE H\u0130KAYELER<\/a><\/div>\n<\/div>\n\n\n\n<p class=\"has-text-color has-link-color has-large-font-size wp-elements-a15ba3467e855ade8d1dac4ae6dc38dd\" style=\"color:#f90505\"><strong>A1 D\u00dcZEY\u0130NDE H\u0130KAYELER<\/strong><\/p>\n\n\n\n<p><a href=\"https:\/\/arapca.com\/index.php\/a1-hikayeler\/alinin-sabahi\/\">Ali&#8217;nin Sabah\u0131 &#8211; \u0635\u064e\u0628\u0627\u062d \u0639\u064e\u0644\u064a<\/a><\/p>\n\n\n\n<p><a href=\"https:\/\/arapca.com\/index.php\/2023\/10\/21\/ahmet-ve-okulu\/\">Ahmet&#8217;in Okulu<\/a> &#8211; \u0645\u064e\u062f\u0631\u064e\u0633\u0629 \u0623\u062d\u0645\u062f<\/p>\n\n\n\n<p><a href=\"https:\/\/arapca.com\/index.php\/arapca-hikayeler\/abdullah-okulda\/\">Abdullah Okulda<\/a> &#8211; \u0639\u0628\u062f\u0627\u0644\u0644\u0647 \u0641\u064a \u0627\u0644\u0645\u062f\u0631\u0633\u0629<\/p>\n\n\n\n<p><\/p>\n\n\n\n<p><a href=\"https:\/\/arapca.com\/index.php\/a1-hikayeler\/a1-hikaye-leyla-ve-kedi\/\">Leyla ve Kedi<\/a><\/p>\n\n\n\n<p><a href=\"https:\/\/arapca.com\/index.php\/a1-hikayeler\/a1-hikaye-buyuk-kucuk\/\">B\u00fcy\u00fck &#8211; K\u00fc\u00e7\u00fck<\/a><\/p>\n\n\n\n<p><a href=\"https:\/\/arapca.com\/index.php\/a1-hikayeler\/alinin-sabahi\/\">Ali&#8217;nin Sabah\u0131<\/a><\/p>\n\n\n\n<p><a href=\"https:\/\/arapca.com\/index.php\/a1-hikayeler\/aysenin-cantasi\/\">Ay\u015fe&#8217;nin \u00c7antas\u0131<\/a><\/p>\n\n\n\n<p><a href=\"https:\/\/arapca.com\/index.php\/hikayeler\/a1-hikayeler\/a1-hikaye-carsida\/\" data-type=\"page\" data-id=\"19727\">Zeynep \u00c7ar\u015f\u0131da<\/a><\/p>\n\n\n\n<p><a href=\"https:\/\/arapca.com\/index.php\/hikayeler\/a1-hikayeler\/a1-hikaye-ahmetin-evi\/\">Ahmeti&#8217;n Evi<\/a><\/p>\n\n\n\n<p><a href=\"https:\/\/arapca.com\/index.php\/a1-hikaye-pazar-gunu\/\">Pazar G\u00fcn\u00fc<\/a><\/p>\n\n\n\n<p><a href=\"https:\/\/arapca.com\/index.php\/fatma-ve-cicekler\/\">Fatma ve \u00c7i\u00e7ekler<\/a><\/p>\n\n\n\n<p><a href=\"https:\/\/arapca.com\/index.php\/selimin-kitaplari\/\">Selim&#8217;in Kitaplar\u0131<\/a><\/p>\n\n\n\n<p><a href=\"https:\/\/arapca.com\/index.php\/a1-hikayeler-yaz-tatili\/\">Yaz Tatili<\/a><\/p>\n\n\n\n<p><a href=\"https:\/\/www.youtube.com\/watch?v=Vjc-tR4jwwY\">Karde\u015fim ve Ben &#8211; \u0623\u064e\u0646\u0627 \u0648\u064e \u0623\u064e\u062e\u064a<\/a><\/p>\n\n\n\n<p><\/p>\n\n\n\n<p><a href=\"https:\/\/archive.org\/details\/arbchky\/1._kitap\/page\/n1\/mode\/2up\">Ceylan<\/a><\/p>\n\n\n\n<p><a href=\"https:\/\/archive.org\/details\/arbchky\/6._kitap\/\">Hazim<\/a><\/p>\n\n\n\n<p><a href=\"https:\/\/archive.org\/details\/arbchky\/9._kitap\/\">Ahmet Ma\u011farada<\/a><\/p>\n\n\n\n<p><a href=\"https:\/\/archive.org\/details\/arbchky\/3._kitap\/\">Tilki<\/a><\/p>\n\n\n\n<p><a href=\"https:\/\/archive.org\/details\/arbchky\/8._kitap\/mode\/2up\">M\u0131s\u0131rl\u0131 \u00c7ift\u00e7i<\/a><\/p>\n\n\n\n<p><\/p>\n\n\n\n<hr class=\"wp-block-separator has-alpha-channel-opacity\"\/>\n\n\n\n<p class=\"has-text-color has-link-color has-large-font-size wp-elements-d13870850809145ffe92f8c6b0271410\" style=\"color:#f90505\"><strong>A2-D\u00dcZEY\u0130NDE H\u0130KAYELER<\/strong><\/p>\n\n\n\n<p><a href=\"https:\/\/arapca.com\/index.php\/hikayeler\/ali-ve-ahmet-tanisiyor\/\">Ali ve Ahmet Tan\u0131\u015f\u0131yor<\/a> &#8211; \u064a\u062a\u0647\u0627\u0631\u0641 \u0639\u0644\u064a \u0648 \u0623\u062e\u0645\u062f<\/p>\n\n\n\n<p><a href=\"https:\/\/arapca.com\/index.php\/arapca-hikayeler\/evimiz-ve-ailem\/\">Sevgili Ailem ve Evimiz<\/a><\/p>\n\n\n\n<p><a href=\"https:\/\/arapca.com\/index.php\/hikayeler\/leyla-dilleri-taniyor\/\">Leyla Dilleri Tan\u0131yor<\/a> &#8211; \u062a\u0639\u0631\u0641 \u0644\u064a\u0644\u0649 \u0627\u0644\u0644\u063a\u0627\u062a<\/p>\n\n\n\n<p><a href=\"https:\/\/arapca.com\/index.php\/kirmizi-baslikli-kiz\/\">K\u0131rm\u0131z\u0131 Ba\u015fl\u0131kl\u0131 K\u0131z<\/a><\/p>\n\n\n\n<p><a href=\"https:\/\/archive.org\/details\/arbchky\/10._kitap\/\">\u0130bn Haldun Durkaim&#8217;e Kar\u015f\u0131<\/a><\/p>\n\n\n\n<p><a href=\"https:\/\/www.youtube.com\/playlist?list=PLi6GHVGckySe6iyJAJkdqp_rccavwNy9y\">Arap\u00e7a Hikayeler Okuma ve \u00c7eviriler<\/a> (Youtube)<\/p>\n\n\n\n<figure class=\"wp-block-image size-full is-resized\"><a href=\"https:\/\/arapca.com\/index.php\/arapca-hikayeler\/evimiz-ve-ailem\/\"><img data-recalc-dims=\"1\" loading=\"lazy\" decoding=\"async\" width=\"232\" height=\"244\" src=\"https:\/\/i0.wp.com\/arapca.com\/wp-content\/uploads\/2023\/10\/ailemiz-ve-evimiz-k.jpg?resize=232%2C244&#038;ssl=1\" alt=\"\" class=\"wp-image-17380\" style=\"width:383px;height:403px\"\/><\/a><\/figure>\n\n\n\n<hr class=\"wp-block-separator has-alpha-channel-opacity\"\/>\n\n\n\n<p class=\"has-text-color has-link-color has-large-font-size wp-elements-6b1be88169b6195d89e7eeae09c1cade\" style=\"color:#fa0606\"><strong>B1 D\u00dcZEY\u0130NDE H\u0130KAYELER<\/strong><\/p>\n\n\n\n<p><a href=\"https:\/\/arapca.com\/index.php\/hikayeler\/saklambac\/\">Saklamba\u00e7<\/a><\/p>\n\n\n\n<figure class=\"wp-block-image size-large is-resized\"><a href=\"https:\/\/arapca.com\/index.php\/hikayeler\/saklambac\/\"><img data-recalc-dims=\"1\" loading=\"lazy\" decoding=\"async\" width=\"640\" height=\"320\" src=\"https:\/\/i0.wp.com\/arapca.com\/wp-content\/uploads\/2024\/10\/image-2.png?resize=640%2C320&#038;ssl=1\" alt=\"\" class=\"wp-image-18972\" style=\"width:383px;height:auto\" srcset=\"https:\/\/i0.wp.com\/arapca.com\/wp-content\/uploads\/2024\/10\/image-2.png?resize=1024%2C512&amp;ssl=1 1024w, https:\/\/i0.wp.com\/arapca.com\/wp-content\/uploads\/2024\/10\/image-2.png?resize=300%2C150&amp;ssl=1 300w, https:\/\/i0.wp.com\/arapca.com\/wp-content\/uploads\/2024\/10\/image-2.png?resize=768%2C384&amp;ssl=1 768w, https:\/\/i0.wp.com\/arapca.com\/wp-content\/uploads\/2024\/10\/image-2.png?resize=600%2C300&amp;ssl=1 600w, https:\/\/i0.wp.com\/arapca.com\/wp-content\/uploads\/2024\/10\/image-2.png?w=1536&amp;ssl=1 1536w, https:\/\/i0.wp.com\/arapca.com\/wp-content\/uploads\/2024\/10\/image-2.png?w=1280&amp;ssl=1 1280w\" sizes=\"auto, (max-width: 640px) 100vw, 640px\" \/><\/a><\/figure>\n\n\n\n<p><a href=\"https:\/\/arapca.com\/index.php\/arapca-hikayeler\/merhaba-sonbahar\/\">Sonbahar<\/a><\/p>\n\n\n\n<figure class=\"wp-block-image size-full is-resized\"><a href=\"https:\/\/arapca.com\/index.php\/arapca-hikayeler\/merhaba-sonbahar\/\"><img data-recalc-dims=\"1\" loading=\"lazy\" decoding=\"async\" width=\"640\" height=\"333\" src=\"https:\/\/i0.wp.com\/arapca.com\/wp-content\/uploads\/2023\/10\/sonbahar.jpg?resize=640%2C333&#038;ssl=1\" alt=\"\" class=\"wp-image-17405\" style=\"width:382px;height:auto\" srcset=\"https:\/\/i0.wp.com\/arapca.com\/wp-content\/uploads\/2023\/10\/sonbahar.jpg?w=690&amp;ssl=1 690w, https:\/\/i0.wp.com\/arapca.com\/wp-content\/uploads\/2023\/10\/sonbahar.jpg?resize=300%2C156&amp;ssl=1 300w, https:\/\/i0.wp.com\/arapca.com\/wp-content\/uploads\/2023\/10\/sonbahar.jpg?resize=600%2C312&amp;ssl=1 600w\" sizes=\"auto, (max-width: 640px) 100vw, 640px\" \/><\/a><\/figure>\n\n\n\n<p><a href=\"https:\/\/arapca.com\/index.php\/hikayeler\/kader-karsilasmasi\/\">Kader Kar\u015f\u0131la\u015fmas\u0131<\/a><\/p>\n\n\n\n<figure class=\"wp-block-image size-medium is-resized\"><a href=\"https:\/\/arapca.com\/index.php\/hikayeler\/kader-karsilasmasi\/\"><img data-recalc-dims=\"1\" loading=\"lazy\" decoding=\"async\" width=\"300\" height=\"169\" src=\"https:\/\/i0.wp.com\/arapca.com\/wp-content\/uploads\/2024\/11\/havalani.jpg?resize=300%2C169&#038;ssl=1\" alt=\"\" class=\"wp-image-19142\" style=\"width:394px;height:auto\" srcset=\"https:\/\/i0.wp.com\/arapca.com\/wp-content\/uploads\/2024\/11\/havalani.jpg?resize=300%2C169&amp;ssl=1 300w, https:\/\/i0.wp.com\/arapca.com\/wp-content\/uploads\/2024\/11\/havalani.jpg?resize=1024%2C576&amp;ssl=1 1024w, https:\/\/i0.wp.com\/arapca.com\/wp-content\/uploads\/2024\/11\/havalani.jpg?resize=768%2C432&amp;ssl=1 768w, https:\/\/i0.wp.com\/arapca.com\/wp-content\/uploads\/2024\/11\/havalani.jpg?resize=600%2C338&amp;ssl=1 600w, https:\/\/i0.wp.com\/arapca.com\/wp-content\/uploads\/2024\/11\/havalani.jpg?w=1280&amp;ssl=1 1280w\" sizes=\"auto, (max-width: 300px) 100vw, 300px\" \/><\/a><\/figure>\n\n\n\n<p><a href=\"https:\/\/arapca.com\/index.php\/hikayeler\/haci-saidin-gercek-hikayesi\/\">Hac\u0131 Said&#8217;in Ger\u00e7ek Hikayesi<\/a><\/p>\n\n\n\n<figure class=\"wp-block-image size-full is-resized\"><a href=\"https:\/\/arapca.com\/index.php\/hikayeler\/haci-saidin-gercek-hikayesi\/\"><img data-recalc-dims=\"1\" loading=\"lazy\" decoding=\"async\" width=\"299\" height=\"168\" src=\"https:\/\/i0.wp.com\/arapca.com\/wp-content\/uploads\/2024\/11\/image-1.png?resize=299%2C168&#038;ssl=1\" alt=\"\" class=\"wp-image-19068\" style=\"width:386px;height:auto\"\/><\/a><\/figure>\n\n\n\n<p><a href=\"https:\/\/arapca.com\/index.php\/orman-cocuklari\/\">Orman \u00c7ocuklar\u0131 &#8211; \u0623\u0637\u0641\u0627\u0644 \u0627\u0644\u063a\u0627\u0628\u0629<\/a><\/p>\n\n\n\n<figure class=\"wp-block-image is-resized\"><a href=\"https:\/\/arapca.com\/index.php\/orman-cocuklari\/\"><img data-recalc-dims=\"1\" decoding=\"async\" src=\"https:\/\/i0.wp.com\/arapca.com\/wp-content\/uploads\/2023\/10\/ormancocuklari-1.jpg?w=640&#038;ssl=1\" alt=\"Bu g\u00f6rsel bo\u015f bir alt niteli\u011fe sahip; dosya ad\u0131 ormancocuklari-1.jpg\" style=\"width:382px;height:418px\"\/><\/a><\/figure>\n\n\n\n<p><a href=\"https:\/\/arapca.com\/index.php\/arapca-hikayeler\/yaban-kugulari\/\">Yaban Ku\u011fular\u0131 &#8211; \u0627\u0644\u0628\u064e\u062c\u064e\u0639\u0627\u062a \u0627\u0644\u0645\u062a\u0648\u064e\u062d\u0634\u0627\u062a<\/a><\/p>\n\n\n\n<figure class=\"wp-block-image size-full is-resized\"><a href=\"https:\/\/arapca.com\/index.php\/arapca-hikayeler\/yaban-kugulari\/\"><img data-recalc-dims=\"1\" loading=\"lazy\" decoding=\"async\" width=\"212\" height=\"237\" src=\"https:\/\/i0.wp.com\/arapca.com\/wp-content\/uploads\/2023\/10\/yabankugulari-k-4.jpg?resize=212%2C237&#038;ssl=1\" alt=\"\" class=\"wp-image-17346\" style=\"width:389px;height:435px\"\/><\/a><\/figure>\n\n\n\n<p><a href=\"https:\/\/arapca.com\/index.php\/arapca-hikayeler\/alis-harikalar-diyarinda\/\">Alis Harikalar Diyar\u0131nda &#8211; \u0623\u0644\u064a\u0633 \u0641\u064a \u0628\u0644\u0627\u062f \u0627\u0644\u0639\u062c\u0627\u0626\u0628<\/a><\/p>\n\n\n\n<figure class=\"wp-block-image size-full is-resized\"><a href=\"https:\/\/arapca.com\/index.php\/arapca-hikayeler\/alis-harikalar-diyarinda\/\"><img data-recalc-dims=\"1\" loading=\"lazy\" decoding=\"async\" width=\"529\" height=\"501\" src=\"https:\/\/i0.wp.com\/arapca.com\/wp-content\/uploads\/2023\/10\/alis-1.jpg?resize=529%2C501&#038;ssl=1\" alt=\"\" class=\"wp-image-17005\" style=\"width:397px;height:376px\" srcset=\"https:\/\/i0.wp.com\/arapca.com\/wp-content\/uploads\/2023\/10\/alis-1.jpg?w=529&amp;ssl=1 529w, https:\/\/i0.wp.com\/arapca.com\/wp-content\/uploads\/2023\/10\/alis-1.jpg?resize=300%2C284&amp;ssl=1 300w\" sizes=\"auto, (max-width: 529px) 100vw, 529px\" \/><\/a><\/figure>\n\n\n\n<p><a href=\"https:\/\/arapca.com\/index.php\/arapca-hikayeler\/adil-kral\/\">Adil Kral<\/a> \u0627\u0644\u0645\u064e\u0644\u0650\u0643\u064f \u0627\u0644\u0652\u0639\u0627\u062f\u0650\u0644<\/p>\n\n\n\n<figure class=\"wp-block-image size-full is-resized\"><a href=\"https:\/\/arapca.com\/index.php\/arapca-hikayeler\/adil-kral\/\"><img data-recalc-dims=\"1\" loading=\"lazy\" decoding=\"async\" width=\"231\" height=\"265\" src=\"https:\/\/i0.wp.com\/arapca.com\/wp-content\/uploads\/2023\/10\/melikadil-k.jpg?resize=231%2C265&#038;ssl=1\" alt=\"\" class=\"wp-image-17323\" style=\"width:394px;height:452px\"\/><\/a><\/figure>\n\n\n\n<p><a href=\"https:\/\/arapca.com\/index.php\/arapca-hikayeler\/bulbul\/\">B\u00fclb\u00fcl<\/a><\/p>\n\n\n\n<figure class=\"wp-block-image size-full is-resized\"><a href=\"https:\/\/arapca.com\/index.php\/arapca-hikayeler\/bulbul\/\"><img data-recalc-dims=\"1\" loading=\"lazy\" decoding=\"async\" width=\"193\" height=\"217\" src=\"https:\/\/i0.wp.com\/arapca.com\/wp-content\/uploads\/2023\/10\/bulbul-k.jpg?resize=193%2C217&#038;ssl=1\" alt=\"\" class=\"wp-image-17326\" style=\"width:392px;height:441px\"\/><\/a><\/figure>\n\n\n\n<p><a href=\"https:\/\/arapca.com\/index.php\/arapca-hikayeler\/mechul-arkadas\/\">Me\u00e7hul Arkada\u015f<\/a><\/p>\n\n\n\n<figure class=\"wp-block-image size-full is-resized\"><a href=\"https:\/\/arapca.com\/index.php\/arapca-hikayeler\/mechul-arkadas\/\"><img data-recalc-dims=\"1\" loading=\"lazy\" decoding=\"async\" width=\"191\" height=\"260\" src=\"https:\/\/i0.wp.com\/arapca.com\/wp-content\/uploads\/2023\/10\/mechularkadas-k.jpg?resize=191%2C260&#038;ssl=1\" alt=\"\" class=\"wp-image-17341\" style=\"width:267px;height:364px\"\/><\/a><\/figure>\n\n\n\n<p><a href=\"https:\/\/arapcaogreniyorum.com.tr\/index.php\/hikayelerle-arapca-ogreniyorum\/\">FARE VE KURBA\u011eA<\/a><\/p>\n\n\n\n<figure class=\"wp-block-image size-large is-resized\"><a href=\"https:\/\/arapcaogreniyorum.com.tr\/index.php\/hikayelerle-arapca-ogreniyorum\/\"><img data-recalc-dims=\"1\" loading=\"lazy\" decoding=\"async\" width=\"640\" height=\"431\" src=\"https:\/\/i0.wp.com\/arapca.com\/wp-content\/uploads\/2024\/11\/Fare-kurbaga.jpg?resize=640%2C431&#038;ssl=1\" alt=\"\" class=\"wp-image-19261\" style=\"width:335px;height:auto\" srcset=\"https:\/\/i0.wp.com\/arapca.com\/wp-content\/uploads\/2024\/11\/Fare-kurbaga.jpg?resize=1024%2C690&amp;ssl=1 1024w, https:\/\/i0.wp.com\/arapca.com\/wp-content\/uploads\/2024\/11\/Fare-kurbaga.jpg?resize=300%2C202&amp;ssl=1 300w, https:\/\/i0.wp.com\/arapca.com\/wp-content\/uploads\/2024\/11\/Fare-kurbaga.jpg?resize=768%2C517&amp;ssl=1 768w, https:\/\/i0.wp.com\/arapca.com\/wp-content\/uploads\/2024\/11\/Fare-kurbaga.jpg?resize=600%2C404&amp;ssl=1 600w, https:\/\/i0.wp.com\/arapca.com\/wp-content\/uploads\/2024\/11\/Fare-kurbaga.jpg?w=1103&amp;ssl=1 1103w\" sizes=\"auto, (max-width: 640px) 100vw, 640px\" \/><\/a><\/figure>\n\n\n\n<p class=\"has-text-color has-link-color has-large-font-size wp-elements-d1511a13b3ba3b463ce17a5f539d5140\" style=\"color:#f90202\"><strong>B2-C1 D\u00dcZEY\u0130NCE H\u0130KAYELER<\/strong><\/p>\n\n\n\n<p class=\"has-text-color has-link-color wp-elements-a3164e845af1c63a974e36d317a03363\" style=\"color:#ff0404\"><strong><a href=\"https:\/\/arapca.com\/index.php\/arapca-hikayeler\/cin-cocuk-hikayeleri\/\">\u00c7\u0130N \u00c7OCUK H\u0130KAYELER\u0130<\/a><\/strong><\/p>\n\n\n\n<figure class=\"wp-block-image size-full\"><a href=\"https:\/\/arapca.com\/index.php\/arapca-hikayeler\/cin-cocuk-hikayeleri\/\"><img data-recalc-dims=\"1\" loading=\"lazy\" decoding=\"async\" width=\"338\" height=\"418\" src=\"https:\/\/i0.wp.com\/arapca.com\/wp-content\/uploads\/2023\/10\/cin-cocuk-hikayeleri-k.jpg?resize=338%2C418&#038;ssl=1\" alt=\"\" class=\"wp-image-17360\" srcset=\"https:\/\/i0.wp.com\/arapca.com\/wp-content\/uploads\/2023\/10\/cin-cocuk-hikayeleri-k.jpg?w=338&amp;ssl=1 338w, https:\/\/i0.wp.com\/arapca.com\/wp-content\/uploads\/2023\/10\/cin-cocuk-hikayeleri-k.jpg?resize=243%2C300&amp;ssl=1 243w\" sizes=\"auto, (max-width: 338px) 100vw, 338px\" \/><\/a><\/figure>\n\n\n\n<p><a href=\"https:\/\/arapca.com\/index.php\/arapca-hikayeler\/buyulenmis-sultan\/\">B\u00fcy\u00fclenmi\u015f Sultan<\/a><\/p>\n\n\n\n<p><a href=\"https:\/\/arapca.com\/index.php\/arapca-hikayeler\/pamuk-prenses-ve-7-cuceler\/\">Pamuk Prenses ve 7 C\u00fcceler<\/a><\/p>\n\n\n\n<p><a href=\"https:\/\/arapca.com\/index.php\/arapca-hikayeler\/prenses-ve-yilan\/\">Prenses ve Y\u0131lan<\/a><\/p>\n\n\n\n<p><a href=\"https:\/\/arapca.com\/index.php\/arapca-hikayeler\/prenses-ve-altin-saray\/\">Alt\u0131n Saray\u0131n Prensesi<\/a><\/p>\n\n\n\n<p><a href=\"https:\/\/arapca.com\/index.php\/arapca-hikayeler\/parmak-cocuk\/\">Parmak \u00c7ocuk<\/a><\/p>\n\n\n\n<p><a href=\"https:\/\/arapca.com\/index.php\/arapca-hikayeler\/kiz-ve-aslan\/\">K\u0131z ve Aslan<\/a><\/p>\n\n\n\n<p><a href=\"https:\/\/youtu.be\/t-tR9cKOMME\">Y\u0131lan ve Zeki Tav\u015fanlar<\/a><\/p>\n\n\n\n<p><a href=\"https:\/\/youtu.be\/IkMXAvCfLr4\">Aslan ve Hain Tilki<\/a> (Video)<\/p>\n\n\n\n<figure class=\"wp-block-image size-full\"><a href=\"https:\/\/arapca.com\/index.php\/hikayeler\/tilki-ve-uzum\/\"><img data-recalc-dims=\"1\" loading=\"lazy\" decoding=\"async\" width=\"313\" height=\"161\" src=\"https:\/\/i0.wp.com\/arapca.com\/wp-content\/uploads\/2023\/11\/tilkiveuzum.jpeg?resize=313%2C161&#038;ssl=1\" alt=\"\" class=\"wp-image-17673\" srcset=\"https:\/\/i0.wp.com\/arapca.com\/wp-content\/uploads\/2023\/11\/tilkiveuzum.jpeg?w=313&amp;ssl=1 313w, https:\/\/i0.wp.com\/arapca.com\/wp-content\/uploads\/2023\/11\/tilkiveuzum.jpeg?resize=300%2C154&amp;ssl=1 300w\" sizes=\"auto, (max-width: 313px) 100vw, 313px\" \/><\/a><\/figure>\n\n\n\n<p><a href=\"https:\/\/arapca.com\/index.php\/hikayeler\/tilki-ve-uzum\/\">Tilki ve \u00dcz\u00fcm<\/a><\/p>\n\n\n\n<p class=\"has-vivid-red-color has-text-color has-link-color has-large-font-size wp-elements-dfa2a6d18845d700c81901f3f87e0860\"><strong>C2 D\u00dcZEY\u0130NDE H\u0130KAYELER<\/strong><\/p>\n\n\n\n<figure class=\"wp-block-image size-full is-resized\"><a href=\"https:\/\/arapca.com\/index.php\/2025\/06\/10\/c2-hikaye-dogruluk-kurtarir\/\"><img data-recalc-dims=\"1\" loading=\"lazy\" decoding=\"async\" width=\"635\" height=\"472\" src=\"https:\/\/i0.wp.com\/arapca.com\/wp-content\/uploads\/2025\/06\/dogruluk-kazandirir.jpg?resize=635%2C472&#038;ssl=1\" alt=\"\" class=\"wp-image-23397\" style=\"width:332px;height:auto\" srcset=\"https:\/\/i0.wp.com\/arapca.com\/wp-content\/uploads\/2025\/06\/dogruluk-kazandirir.jpg?w=635&amp;ssl=1 635w, https:\/\/i0.wp.com\/arapca.com\/wp-content\/uploads\/2025\/06\/dogruluk-kazandirir.jpg?resize=300%2C223&amp;ssl=1 300w, https:\/\/i0.wp.com\/arapca.com\/wp-content\/uploads\/2025\/06\/dogruluk-kazandirir.jpg?resize=600%2C446&amp;ssl=1 600w\" sizes=\"auto, (max-width: 635px) 100vw, 635px\" \/><\/a><\/figure>\n\n\n\n<p><a href=\"https:\/\/arapca.com\/index.php\/2025\/06\/10\/c2-hikaye-dogruluk-kurtarir\/\">Do\u011fruluk Kurtar\u0131r<\/a><\/p>\n\n\n\n<p><a href=\"https:\/\/arapca.com\/index.php\/hikayeler\/colun-kalbine-yolculuk\/\">\u00c7\u00f6l\u00fcn Kalbine Yolculuk &#8211; \u0631\u062d\u0644\u0649 \u0625\u0644\u0649 \u0642\u0644\u0628 \u0627\u0644\u0635\u062d\u0631\u0627\u0621<\/a><\/p>\n\n\n\n<p><a href=\"https:\/\/arapca.com\/index.php\/arapca-hikayeler\/saglikla-ilgili-beklenmedik-bir-deneyim\/\">Sa\u011fl\u0131kla \u0130lgili Beklenmedik Bir Deneyim-<\/a><strong>\u062a\u062c\u0631\u0628\u0629 \u063a\u064a\u0631 \u0645\u062a\u0648\u0642\u0639\u0629 \u0645\u0639 \u0627\u0644\u0635\u062d\u0629<\/strong><\/p>\n\n\n\n<p><\/p>\n","protected":false},"excerpt":{"rendered":"<p>H5P&#8216;de d\u00fczenlenmi\u015f e-book Hikayeleri Nas\u0131l Okuyabiliriz? A1 D\u00dcZEY\u0130NDE H\u0130KAYELER Ali&#8217;nin Sabah\u0131 &#8211; \u0635\u064e\u0628\u0627\u062d \u0639\u064e\u0644\u064a Ahmet&#8217;in Okulu &#8211; \u0645\u064e\u062f\u0631\u064e\u0633\u0629 \u0623\u062d\u0645\u062f Abdullah Okulda &#8211; \u0639\u0628\u062f\u0627\u0644\u0644\u0647 \u0641\u064a \u0627\u0644\u0645\u062f\u0631\u0633\u0629 Leyla ve Kedi B\u00fcy\u00fck &#8211; K\u00fc\u00e7\u00fck Ali&#8217;nin Sabah\u0131 Ay\u015fe&#8217;nin \u00c7antas\u0131 Zeynep \u00c7ar\u015f\u0131da Ahmeti&#8217;n Evi Pazar &hellip; <\/p>\n","protected":false},"author":2,"featured_media":0,"parent":0,"menu_order":0,"comment_status":"closed","ping_status":"closed","template":"","meta":{"_bbp_topic_count":0,"_bbp_reply_count":0,"_bbp_total_topic_count":0,"_bbp_total_reply_count":0,"_bbp_voice_count":0,"_bbp_anonymous_reply_count":0,"_bbp_topic_count_hidden":0,"_bbp_reply_count_hidden":0,"_bbp_forum_subforum_count":0,"footnotes":""},"class_list":["post-16990","page","type-page","status-publish","hentry"],"jetpack_sharing_enabled":true,"jetpack_likes_enabled":true,"_links":{"self":[{"href":"https:\/\/arapca.com\/index.php\/wp-json\/wp\/v2\/pages\/16990","targetHints":{"allow":["GET"]}}],"collection":[{"href":"https:\/\/arapca.com\/index.php\/wp-json\/wp\/v2\/pages"}],"about":[{"href":"https:\/\/arapca.com\/index.php\/wp-json\/wp\/v2\/types\/page"}],"author":[{"embeddable":true,"href":"https:\/\/arapca.com\/index.php\/wp-json\/wp\/v2\/users\/2"}],"replies":[{"embeddable":true,"href":"https:\/\/arapca.com\/index.php\/wp-json\/wp\/v2\/comments?post=16990"}],"version-history":[{"count":72,"href":"https:\/\/arapca.com\/index.php\/wp-json\/wp\/v2\/pages\/16990\/revisions"}],"predecessor-version":[{"id":24384,"href":"https:\/\/arapca.com\/index.php\/wp-json\/wp\/v2\/pages\/16990\/revisions\/24384"}],"wp:attachment":[{"href":"https:\/\/arapca.com\/index.php\/wp-json\/wp\/v2\/media?parent=16990"}],"curies":[{"name":"wp","href":"https:\/\/api.w.org\/{rel}","templated":true}]}}