{"id":16977,"date":"2023-10-01T16:23:07","date_gmt":"2023-10-01T13:23:07","guid":{"rendered":"https:\/\/arapca.com\/?page_id=16977"},"modified":"2025-06-20T10:09:53","modified_gmt":"2025-06-20T07:09:53","slug":"faydali-linkler","status":"publish","type":"page","link":"https:\/\/arapca.com\/index.php\/faydali-linkler\/","title":{"rendered":"Faydal\u0131 Linkler"},"content":{"rendered":"\n<p><strong>Arap\u00e7a Kanallar<\/strong>:<\/p>\n\n\n\n<figure class=\"wp-block-image size-full\"><a href=\"https:\/\/www.trtarabi.com\/live\"><img data-recalc-dims=\"1\" loading=\"lazy\" decoding=\"async\" width=\"237\" height=\"219\" src=\"https:\/\/i0.wp.com\/arapca.com\/wp-content\/uploads\/2023\/10\/trtarabic.jpg?resize=237%2C219&#038;ssl=1\" alt=\"\" class=\"wp-image-17023\"\/><\/a><\/figure>\n\n\n\n<ol class=\"wp-block-list\">\n<li><a href=\"https:\/\/www.trtarabi.com\/live\">TRT Arabic<\/a>  \u0627\u0644\u0639\u0631\u0628\u064a \u062a \u0631 \u062a<\/li>\n\n\n\n<li><a href=\"https:\/\/www.aljazeera.net\/live\">el-Cezira<\/a>   \u0642\u0627\u0646\u0627\u0629 \u0627\u0644\u062c\u0632\u064a\u0631\u0629<\/li>\n\n\n\n<li><a href=\"https:\/\/icanlive.tv\/canli\/10783\/al-arabiya.html\">Al Arabiya<\/a> \u0627\u0644\u0639\u0631\u0628\u064a\u0629 <\/li>\n\n\n\n<li><a href=\"https:\/\/icanlive.tv\/canli\/14453\/alhadath-tv.html\">Alhadath TV<\/a> \u0627\u0644\u062d\u062f\u062b<\/li>\n\n\n\n<li><a href=\"https:\/\/icanlive.tv\/canli\/13995\/cnbc-arabia.html\">CNBC Arabia<\/a><\/li>\n\n\n\n<li><a href=\"https:\/\/icanlive.tv\/canli\/9753\/dubai-one.html\">Dubai One<\/a> \u062f\u0628\u064a<\/li>\n\n\n\n<li><a href=\"https:\/\/icanlive.tv\/canli\/989\/dubai-sport-tv.html\"><\/a><a href=\"https:\/\/icanlive.tv\/canli\/989\/dubai-sport-tv.html\">Dubai Sport TV<\/a><a href=\"https:\/\/icanlive.tv\/canli\/9751\/dubai-tv.html\"><\/a><\/li>\n\n\n\n<li><a href=\"https:\/\/icanlive.tv\/canli\/9751\/dubai-tv.html\">Dubai TV<\/a><\/li>\n\n\n\n<li><a href=\"https:\/\/icanlive.tv\/canli\/10669\/sama-dubai-tv.html\"><\/a><a href=\"https:\/\/icanlive.tv\/canli\/10669\/sama-dubai-tv.html\">Sama Dubai TV<\/a><a href=\"https:\/\/icanlive.tv\/canli\/13992\/sharjah-tv.html\"><\/a><\/li>\n\n\n\n<li><a href=\"https:\/\/icanlive.tv\/canli\/13992\/sharjah-tv.html\">Sharjah TV<\/a><\/li>\n<\/ol>\n\n\n\n<p><strong>Arap\u00e7a Siteler:<\/strong><\/p>\n\n\n\n<ol class=\"wp-block-list\">\n<li><a href=\"https:\/\/www.youtube.com\/@CartoonArabicChannel\">Cartoonn Arabic:<\/a><\/li>\n\n\n\n<li><a href=\"https:\/\/www.youtube.com\/channel\/UCxUfxvkZb_0f-RsJmCsGGMw\/featured\">Halk Hikayeleri (D\u00fcnyadan Masallar):<\/a><\/li>\n\n\n\n<li><a href=\"https:\/\/www.youtube.com\/channel\/UCji9QOy69fvGL4F-83ZHZmw\/featured\">Mondo World AR:<\/a><\/li>\n\n\n\n<li><a href=\"https:\/\/www.youtube.com\/user\/arabickidschannel\/featured\">Arap\u00e7a Dizi ve \u00c7izgi Filmler:<\/a><\/li>\n\n\n\n<li><a href=\"https:\/\/www.youtube.com\/user\/spacetoononline\">Spacetoon:<\/a><\/li>\n\n\n\n<li><a href=\"https:\/\/www.youtube.com\/channel\/UCvb4oOP8QLknfTnuDHZPB-w\">KIDFLIX AR:<\/a><\/li>\n\n\n\n<li><a href=\"https:\/\/www.youtube.com\/channel\/UCIDUMksgo7FO2ZujxTcpGLQ\">ATA Animation Studio:<\/a><\/li>\n\n\n\n<li><a href=\"https:\/\/www.youtube.com\/user\/CedarsArtProduction\">Cedars Art Produciton:<\/a><\/li>\n\n\n\n<li><a href=\"https:\/\/www.youtube.com\/channel\/UCt7Xvv6n0VSCHMtrDtaHndA\">Middle East Media:<\/a><\/li>\n<\/ol>\n\n\n\n<p><strong>Arap\u00e7a Dizi Flimler<\/strong>:<\/p>\n\n\n\n<figure class=\"wp-block-image\"><img data-recalc-dims=\"1\" decoding=\"async\" src=\"https:\/\/i0.wp.com\/arapcaogreniyorum.com.tr\/wp-content\/uploads\/2023\/03\/yusuf.jpg?w=640&#038;ssl=1\" alt=\"\" class=\"wp-image-4875\"\/><\/figure>\n\n\n\n<p><a href=\"https:\/\/www.youtube.com\/playlist?list=PLgSTXtzkCBJcj-fTxZihL-EJahrDZMjad\">Hz. Yusuf (46 B\u00f6l\u00fcm)<\/a><\/p>\n\n\n\n<p><a href=\"https:\/\/www.youtube.com\/playlist?list=PLQP03I9fS2V_Kl1XbsmKPVETTjXsejOKI\">Hz. \u00d6mer (31 B\u00f6l\u00fcm)<\/a><\/p>\n\n\n\n<p><a href=\"https:\/\/www.youtube.com\/playlist?list=PLil8iaosRlqsjT5i57iZ_gfiXQZ3wjcym\">Antere \u0130bn \u015eeddat (33 B\u00f6l\u00fcm)<\/a><\/p>\n\n\n\n<p><a href=\"https:\/\/www.youtube.com\/playlist?list=PLtHEKBuBgFdUohIFK6BTp0iUbFv11tpjQ\">Ahmed bin Hambel (32 B\u00f6l\u00fcm)<\/a><\/p>\n\n\n\n<p><a href=\"https:\/\/www.youtube.com\/playlist?list=PLOpvfjrLz9udFIKYigqh1NpG19pEIrO18\">Selahaddin Eyyubi (31 B\u00f6l\u00fcm)<\/a><\/p>\n\n\n\n<p><a href=\"https:\/\/www.youtube.com\/playlist?list=PLLcpeauQVc1s6Z1z-xkyxjEFwY7LuwFQm\">Arabistanl\u0131 Lawrance (37 B\u00f6l\u00fcm)<\/a><\/p>\n\n\n\n<figure class=\"wp-block-image\"><a href=\"https:\/\/www.youtube.com\/playlist?list=PLLcpeauQVc1s6Z1z-xkyxjEFwY7LuwFQm\"><img data-recalc-dims=\"1\" decoding=\"async\" src=\"https:\/\/i0.wp.com\/arapcaogreniyorum.com.tr\/wp-content\/uploads\/2023\/03\/lawrence.jpg?w=640&#038;ssl=1\" alt=\"\" class=\"wp-image-4880\"\/><\/a><\/figure>\n\n\n\n<p class=\"has-text-color has-link-color wp-elements-dbf20e96429e9aff227e9dbf4796fae6\" style=\"color:#f90404\"><strong>Kitap \u0130ndirme Siteleri:<\/strong><\/p>\n\n\n\n<p><a href=\"https:\/\/shamela.ws\/\">el-Mektebet\u00fc&#8217;\u015f-\u015eamile<\/a> (\u0130slam ilimleri kaynak sitesi)<\/p>\n\n\n\n<p><a href=\"https:\/\/foulabook.com\/\">Faulabook.com<\/a> (Arap\u00e7a hikaye, roman vs.)<\/p>\n\n\n\n<p><a href=\"https:\/\/archive.org\/\">Archive.org<\/a> (Arap\u00e7a her t\u00fcr eseri indirebilirsiniz.)<\/p>\n\n\n\n<p><strong>Arap\u00e7a \u00d6\u011freten Siteler<\/strong>:<\/p>\n\n\n\n<p><a href=\"https:\/\/learning.aljazeera.net\/tr\/pages\/about-us\">el-Cezira Arap\u00e7a \u00d6\u011fretim<\/a><\/p>\n\n\n\n<p><a href=\"https:\/\/www.youtube.com\/watch?v=Jcpy3UXOu48&amp;list=PLsFI_Ra-331uNMA_8jK8vyYlZr0koAvXS\">Silsilet\u00fcl Lisan<\/a><\/p>\n\n\n\n<p><a href=\"https:\/\/www.youtube.com\/watch?v=Jcpy3UXOu48&amp;list=PLsFI_Ra-331uNMA_8jK8vyYlZr0koAvXS\">Silsilet\u00fcl Lisan Ba\u015flang\u0131\u00e7 Seviyesi-1<\/a><\/p>\n\n\n\n<p><a href=\"https:\/\/www.youtube.com\/watch?v=1MeGHkCPR9Y&amp;list=PLJ_gOQet2PL1IdevWJrS4iF0uo-nFqMdB&amp;t=15s\">Silsilet\u00fcl Lisan Ba\u015flang\u0131\u00e7 Seviyesi-2<\/a><\/p>\n\n\n\n<p><a href=\"https:\/\/www.youtube.com\/watch?v=yWxaR1EIl94\">Silsilet\u00fcl Lisan Orta Seviye-1<\/a><\/p>\n\n\n\n<p><a href=\"https:\/\/youtu.be\/Q94jjmfTO8E?list=PLNbpRT8SFQRrFyr81qMMsVNFkNKS3H_EW\">S\u0131f\u0131rdan Arap\u00e7a Dersleri<\/a><\/p>\n\n\n\n<p><a href=\"https:\/\/arapcaogreniyorum.com.tr\/index.php\/oyunlar\/\">Arap\u00e7a Oyunlar \u2013 E\u011flencelik<\/a><\/p>\n\n\n\n<p><strong>Arap\u00e7a Kitaplar ve Dok\u00fcmanlar<\/strong><\/p>\n\n\n\n<p><a href=\"https:\/\/arapcaogreniyorum.com.tr\/index.php\/kuran-i-kerim\/\">Kur&#8217;an-\u0131 Kerim ve T\u00fcrk\u00e7e Anlam\u0131<\/a><\/p>\n\n\n\n<p><a href=\"https:\/\/arapcaogreniyorum.com.tr\/index.php\/course\/kuran-anlam-ve-tefsiri\/\">Kur&#8217;an Yolu Tefsiri<\/a> &#8211; \u015eaban P\u0130R\u0130\u015e<\/p>\n\n\n\n<p><a href=\"https:\/\/dn790007.ca.archive.org\/0\/items\/000074_201807\/000074%20%20%20%D8%A7%D9%84%D8%AA%D9%81%D8%B3%D9%8A%D8%B1%20%D8%A7%D9%84%D9%88%D8%A7%D8%B6%D8%AD%20%D8%A7%D9%84%D9%85%D9%8A%D8%B3%D8%B1%20-%20%D9%85%D8%AD%D9%85%D8%AF%20%D8%B9%D9%84%D9%8A%20%D8%A7%D9%84%D8%B5%D8%A7%D8%A8%D9%88%D9%86%D9%8A%20-%20%D9%85%D9%84%D9%88%D9%86%20%20%20%D9%83%D8%AA%D8%A7%D8%A8%20%D8%A8%D9%8A%20%D8%AF%D9%8A%20%D8%A7%D9%81%20%D8%A7%D9%82%D8%B1%D8%A7%20%D8%A7%D9%88%D9%86%D9%84%D8%A7%D9%8A%D9%86%20%20%20.pdf\">Tefsir\u00fcl Vad\u0131h &#8211; es-Sab\u00fbn\u00ee<\/a><\/p>\n\n\n\n<p><a href=\"https:\/\/arapca.com\/index.php\/arapca-hikayeler\/\">Arap\u00e7a Hikayeler<\/a><\/p>\n\n\n\n<p><a href=\"https:\/\/archive.org\/details\/50026745\/50026730\/page\/n13\/mode\/2up\">Sudan \u00dcniversitesi (Silsile talimul arabiyye li gayri nat\u0131k\u0131yn) -Ba\u015flang\u0131\u00e7 Seviyesi<\/a><\/p>\n","protected":false},"excerpt":{"rendered":"<p>Arap\u00e7a Kanallar: Arap\u00e7a Siteler: Arap\u00e7a Dizi Flimler: Hz. Yusuf (46 B\u00f6l\u00fcm) Hz. \u00d6mer (31 B\u00f6l\u00fcm) Antere \u0130bn \u015eeddat (33 B\u00f6l\u00fcm) Ahmed bin Hambel (32 B\u00f6l\u00fcm) Selahaddin Eyyubi (31 B\u00f6l\u00fcm) Arabistanl\u0131 Lawrance (37 B\u00f6l\u00fcm) Kitap \u0130ndirme Siteleri: el-Mektebet\u00fc&#8217;\u015f-\u015eamile (\u0130slam ilimleri kaynak &hellip; <\/p>\n","protected":false},"author":2,"featured_media":0,"parent":0,"menu_order":0,"comment_status":"closed","ping_status":"closed","template":"","meta":{"_bbp_topic_count":0,"_bbp_reply_count":0,"_bbp_total_topic_count":0,"_bbp_total_reply_count":0,"_bbp_voice_count":0,"_bbp_anonymous_reply_count":0,"_bbp_topic_count_hidden":0,"_bbp_reply_count_hidden":0,"_bbp_forum_subforum_count":0,"footnotes":""},"class_list":["post-16977","page","type-page","status-publish","hentry"],"jetpack_sharing_enabled":true,"jetpack_likes_enabled":true,"_links":{"self":[{"href":"https:\/\/arapca.com\/index.php\/wp-json\/wp\/v2\/pages\/16977","targetHints":{"allow":["GET"]}}],"collection":[{"href":"https:\/\/arapca.com\/index.php\/wp-json\/wp\/v2\/pages"}],"about":[{"href":"https:\/\/arapca.com\/index.php\/wp-json\/wp\/v2\/types\/page"}],"author":[{"embeddable":true,"href":"https:\/\/arapca.com\/index.php\/wp-json\/wp\/v2\/users\/2"}],"replies":[{"embeddable":true,"href":"https:\/\/arapca.com\/index.php\/wp-json\/wp\/v2\/comments?post=16977"}],"version-history":[{"count":17,"href":"https:\/\/arapca.com\/index.php\/wp-json\/wp\/v2\/pages\/16977\/revisions"}],"predecessor-version":[{"id":23513,"href":"https:\/\/arapca.com\/index.php\/wp-json\/wp\/v2\/pages\/16977\/revisions\/23513"}],"wp:attachment":[{"href":"https:\/\/arapca.com\/index.php\/wp-json\/wp\/v2\/media?parent=16977"}],"curies":[{"name":"wp","href":"https:\/\/api.w.org\/{rel}","templated":true}]}}