{"id":16789,"date":"2023-09-18T10:44:12","date_gmt":"2023-09-18T07:44:12","guid":{"rendered":"https:\/\/arapca.com\/?page_id=16789"},"modified":"2026-04-21T16:26:53","modified_gmt":"2026-04-21T13:26:53","slug":"arapca-oyunlar","status":"publish","type":"page","link":"https:\/\/arapca.com\/index.php\/arapca-oyunlar\/","title":{"rendered":"Arap\u00e7a Oyunlar"},"content":{"rendered":"<div class=\"wp-block-image\">\n<figure class=\"aligncenter size-full\"><img data-recalc-dims=\"1\" loading=\"lazy\" decoding=\"async\" width=\"308\" height=\"164\" src=\"https:\/\/i0.wp.com\/arapca.com\/wp-content\/uploads\/2024\/05\/image-1.png?resize=308%2C164&#038;ssl=1\" alt=\"\" class=\"wp-image-18453\" srcset=\"https:\/\/i0.wp.com\/arapca.com\/wp-content\/uploads\/2024\/05\/image-1.png?w=308&amp;ssl=1 308w, https:\/\/i0.wp.com\/arapca.com\/wp-content\/uploads\/2024\/05\/image-1.png?resize=300%2C160&amp;ssl=1 300w\" sizes=\"auto, (max-width: 308px) 100vw, 308px\" \/><\/figure>\n<\/div>\n\n\n<p class=\"has-text-color has-link-color has-large-font-size wp-elements-7e56e8cd1db932bb13c7dbf4088655f2\" style=\"color:#f60505\"><strong>A1 SEV\u0130YE OYUNLARI<\/strong><\/p>\n\n\n\n<figure class=\"wp-block-table\"><table class=\"has-fixed-layout\"><tbody><tr><td><a href=\"https:\/\/arapca.com\/index.php\/arapca-oyunlar\/ince-ve-kalin-harfler\/\">\u0130nce ve <strong>Kal\u0131n <\/strong>Harfler<\/a><\/td><td><\/td><\/tr><tr><td><a href=\"https:\/\/arapca.com\/index.php\/collections\/koleksiyon-1\/\">\u0130lk Kelimelerim<\/a><\/td><td><\/td><\/tr><tr><td><a href=\"https:\/\/arapca.com\/index.php\/selamlasma-eslestirme\/\">Selamla\u015fma<\/a><\/td><td><\/td><\/tr><tr><td><a href=\"https:\/\/arapca.com\/index.php\/courses\/arapca-a1-dersleri\/h5p\/oyun-kelime-eslestirme-1\/\">Kelime e\u015fle\u015ftirme-1<\/a><\/td><td><\/td><\/tr><tr><td><a href=\"https:\/\/arapca.com\/index.php\/arapca-oyunlar\/soru-isimleri-eslestirme\/\">Soru \u0130simleri<\/a><\/td><td><\/td><\/tr><tr><td><a href=\"https:\/\/arapca.com\/index.php\/a0-kelime-oyunlari\/sayilari-ve-rakamlari-eslestir\/\">Say\u0131lar 1-10<\/a><\/td><td><\/td><\/tr><tr><td><a href=\"https:\/\/arapca.com\/index.php\/arapca-oyunlar\/sayilar\/\">Say\u0131lar-Bulmaca<\/a><\/td><td><\/td><\/tr><tr><td><a href=\"https:\/\/arapca.com\/index.php\/arapca-oyunlar\/sayilar-11-20\/\">Say\u0131lar 11-20<\/a><\/td><td><\/td><\/tr><tr><td><a href=\"https:\/\/arapca.com\/index.php\/arapca-oyunlar\/zamirler\/\">Ki\u015fi Zamirler<\/a>i<\/td><td><\/td><\/tr><tr><td><a href=\"https:\/\/arapca.com\/index.php\/arapca-oyunlar\/zamir-ve-fiilleri-eslestir\/\">Zamir ve Fiiler<\/a><\/td><td><\/td><\/tr><tr><td><a href=\"https:\/\/arapca.com\/index.php\/a1-kelime-eslestirme-oyunu-1\/mazi-fiil-ve-zamir-eslestirme\/\">Mazi Fiil ve Zamir E\u015fle\u015ftirme<\/a><\/td><td><\/td><\/tr><tr><td><a href=\"https:\/\/arapca.com\/index.php\/arapca-oyunlar\/iyelik-zamirleri\/\">\u0130yelik Zamirleri<\/a><\/td><td><\/td><\/tr><tr><td><a href=\"https:\/\/arapca.com\/index.php\/arapca-oyunlar\/meslekler\/\">Meslekler<\/a><\/td><td><\/td><\/tr><tr><td><a href=\"https:\/\/arapca.com\/index.php\/arapca-oyunlar\/aile-ve-akrabalar\/\">Aile ve Akrabalar<\/a><\/td><td><\/td><\/tr><tr><td><a href=\"https:\/\/arapca.com\/index.php\/a1-renkler-ve-sifatlar\/\">Renkler ve S\u0131fatlar<\/a><\/td><td><\/td><\/tr><tr><td><a href=\"https:\/\/arapca.com\/index.php\/arapca-oyunlar\/saatler\/\">Saatler (Say\u0131 Do\u011frusunda)<\/a><\/td><td><\/td><\/tr><tr><td><a href=\"https:\/\/arapca.com\/index.php\/arapca-oyunlar\/ev-ve-bolumleri\/\">Ev ve B\u00f6l\u00fcmleri<\/a><\/td><td><\/td><\/tr><tr><td><a href=\"https:\/\/arapca.com\/index.php\/arapca-oyunlar\/ev-ve-mustemilati-2\/\">Ev ve M\u00fc\u015ftemilat\u0131<\/a><\/td><td><\/td><\/tr><tr><td><a href=\"https:\/\/arapca.com\/index.php\/courses\/arapca-a1-dersleri\/lessons\/yemekler-ve-ogunlerle-ilgili-kelimeleri-eslestir\/\">Yemek ve \u00d6\u011f\u00fcnler<\/a><\/td><td><\/td><\/tr><tr><td><\/td><td><\/td><\/tr><\/tbody><\/table><\/figure>\n\n\n\n<p class=\"has-text-color has-link-color has-large-font-size wp-elements-95370a5832c70ac5d568a2182eb08f00\" style=\"color:#fa0404\"><strong>A2 SEV\u0130YE OYUNLARI<\/strong><\/p>\n\n\n\n<figure class=\"wp-block-table\"><table class=\"has-fixed-layout\"><tbody><tr><td> <a href=\"https:\/\/arapca.com\/index.php\/arapca-oyunlar\/isaret-isimleri\/\">\u0130\u015faret \u0130simleri (Bu, \u015fu..)<\/a><\/td><\/tr><tr><td><a href=\"https:\/\/arapca.com\/index.php\/collections\/onay-ve-itiraz\/\">Onay ve \u0130tiraz-1<\/a><\/td><\/tr><tr><td><a href=\"https:\/\/arapca.com\/index.php\/collections\/onay-ve-itiraz-2-2\/\">Onay ve \u0130tiraz-2<\/a><\/td><\/tr><tr><td><a href=\"https:\/\/arapca.com\/index.php\/arapca-oyunlar\/vucut-organlari-2\/\">Y\u00fccut Organlar\u0131-1<\/a><\/td><\/tr><tr><td><a href=\"https:\/\/arapca.com\/index.php\/arapca-oyunlar\/vucut-organlari\/\">V\u00fccut Organlar\u0131<\/a>-2<\/td><\/tr><tr><td><\/td><\/tr><tr><td><a href=\"https:\/\/arapca.com\/index.php\/courses\/arapca-b1\/h5p\/kelime-eslestir\/\">K\u00f6yde Hayat<\/a><\/td><\/tr><tr><td><a href=\"https:\/\/arapca.com\/index.php\/arapca-oyunlar\/miladi-aylar-ay-isimleri\/\">Miladi Aylar<\/a><\/td><\/tr><tr><td><a href=\"https:\/\/arapca.com\/index.php\/arapca-oyunlar\/hicri-aylar\/\">Hicri Aylar<\/a><\/td><\/tr><tr><td><a href=\"https:\/\/arapca.com\/index.php\/arapca-oyunlar\/sebzeleri-eslestir\/\">Sebzeler<\/a><\/td><\/tr><tr><td><\/td><\/tr><tr><td><\/td><\/tr><\/tbody><\/table><\/figure>\n","protected":false},"excerpt":{"rendered":"<p>A1 SEV\u0130YE OYUNLARI \u0130nce ve Kal\u0131n Harfler \u0130lk Kelimelerim Selamla\u015fma Kelime e\u015fle\u015ftirme-1 Soru \u0130simleri Say\u0131lar 1-10 Say\u0131lar-Bulmaca Say\u0131lar 11-20 Ki\u015fi Zamirleri Zamir ve Fiiler Mazi Fiil ve Zamir E\u015fle\u015ftirme \u0130yelik Zamirleri Meslekler Aile ve Akrabalar Renkler ve S\u0131fatlar Saatler (Say\u0131 &hellip; <\/p>\n","protected":false},"author":2,"featured_media":0,"parent":0,"menu_order":0,"comment_status":"closed","ping_status":"closed","template":"","meta":{"_bbp_topic_count":0,"_bbp_reply_count":0,"_bbp_total_topic_count":0,"_bbp_total_reply_count":0,"_bbp_voice_count":0,"_bbp_anonymous_reply_count":0,"_bbp_topic_count_hidden":0,"_bbp_reply_count_hidden":0,"_bbp_forum_subforum_count":0,"footnotes":""},"class_list":["post-16789","page","type-page","status-publish","hentry"],"jetpack_sharing_enabled":true,"jetpack_likes_enabled":true,"_links":{"self":[{"href":"https:\/\/arapca.com\/index.php\/wp-json\/wp\/v2\/pages\/16789","targetHints":{"allow":["GET"]}}],"collection":[{"href":"https:\/\/arapca.com\/index.php\/wp-json\/wp\/v2\/pages"}],"about":[{"href":"https:\/\/arapca.com\/index.php\/wp-json\/wp\/v2\/types\/page"}],"author":[{"embeddable":true,"href":"https:\/\/arapca.com\/index.php\/wp-json\/wp\/v2\/users\/2"}],"replies":[{"embeddable":true,"href":"https:\/\/arapca.com\/index.php\/wp-json\/wp\/v2\/comments?post=16789"}],"version-history":[{"count":34,"href":"https:\/\/arapca.com\/index.php\/wp-json\/wp\/v2\/pages\/16789\/revisions"}],"predecessor-version":[{"id":26208,"href":"https:\/\/arapca.com\/index.php\/wp-json\/wp\/v2\/pages\/16789\/revisions\/26208"}],"wp:attachment":[{"href":"https:\/\/arapca.com\/index.php\/wp-json\/wp\/v2\/media?parent=16789"}],"curies":[{"name":"wp","href":"https:\/\/api.w.org\/{rel}","templated":true}]}}