{"id":16595,"date":"2023-08-23T17:17:41","date_gmt":"2023-08-23T14:17:41","guid":{"rendered":"https:\/\/arapca.com\/?page_id=16595"},"modified":"2023-08-23T17:18:45","modified_gmt":"2023-08-23T14:18:45","slug":"arapca-edatlar-pdf","status":"publish","type":"page","link":"https:\/\/arapca.com\/index.php\/arapca-metinler\/arapca-edatlar-pdf\/","title":{"rendered":"Arap\u00e7a&#8217;da Edatlar (pdf)"},"content":{"rendered":"\n<div data-wp-interactive=\"core\/file\" class=\"wp-block-file\"><object data-wp-bind--hidden=\"!state.hasPdfPreview\" hidden class=\"wp-block-file__embed\" data=\"https:\/\/arapca.com\/wp-content\/uploads\/2023\/08\/Hasan-Akdag-Arap-Dilinde-Edatlar-Copy.pdf\" type=\"application\/pdf\" style=\"width:100%;height:600px\" aria-label=\"Hasan-Akdag-Arap-Dilinde-Edatlar-Copy g\u00f6m\u00fcs\u00fc.\"><\/object><a id=\"wp-block-file--media-95321e2e-6633-472d-bb84-ca8630c91c0a\" href=\"https:\/\/arapca.com\/wp-content\/uploads\/2023\/08\/Hasan-Akdag-Arap-Dilinde-Edatlar-Copy.pdf\">Hasan-Akdag-Arap-Dilinde-Edatlar-Copy<\/a><a href=\"https:\/\/arapca.com\/wp-content\/uploads\/2023\/08\/Hasan-Akdag-Arap-Dilinde-Edatlar-Copy.pdf\" class=\"wp-block-file__button wp-element-button\" download aria-describedby=\"wp-block-file--media-95321e2e-6633-472d-bb84-ca8630c91c0a\">\u0130ndir<\/a><\/div>\n","protected":false},"excerpt":{"rendered":"","protected":false},"author":2,"featured_media":0,"parent":15799,"menu_order":0,"comment_status":"closed","ping_status":"closed","template":"","meta":{"advanced_seo_description":"","jetpack_seo_html_title":"","jetpack_seo_noindex":false,"footnotes":""},"class_list":["post-16595","page","type-page","status-publish","hentry"],"jetpack_sharing_enabled":true,"jetpack_likes_enabled":true,"_links":{"self":[{"href":"https:\/\/arapca.com\/index.php\/wp-json\/wp\/v2\/pages\/16595","targetHints":{"allow":["GET"]}}],"collection":[{"href":"https:\/\/arapca.com\/index.php\/wp-json\/wp\/v2\/pages"}],"about":[{"href":"https:\/\/arapca.com\/index.php\/wp-json\/wp\/v2\/types\/page"}],"author":[{"embeddable":true,"href":"https:\/\/arapca.com\/index.php\/wp-json\/wp\/v2\/users\/2"}],"replies":[{"embeddable":true,"href":"https:\/\/arapca.com\/index.php\/wp-json\/wp\/v2\/comments?post=16595"}],"version-history":[{"count":2,"href":"https:\/\/arapca.com\/index.php\/wp-json\/wp\/v2\/pages\/16595\/revisions"}],"predecessor-version":[{"id":16598,"href":"https:\/\/arapca.com\/index.php\/wp-json\/wp\/v2\/pages\/16595\/revisions\/16598"}],"up":[{"embeddable":true,"href":"https:\/\/arapca.com\/index.php\/wp-json\/wp\/v2\/pages\/15799"}],"wp:attachment":[{"href":"https:\/\/arapca.com\/index.php\/wp-json\/wp\/v2\/media?parent=16595"}],"curies":[{"name":"wp","href":"https:\/\/api.w.org\/{rel}","templated":true}]}}