{"id":15799,"date":"2023-05-21T14:56:42","date_gmt":"2023-05-21T11:56:42","guid":{"rendered":"https:\/\/arapca.com\/?page_id=15799"},"modified":"2025-03-16T19:54:22","modified_gmt":"2025-03-16T16:54:22","slug":"arapca-metinler","status":"publish","type":"page","link":"https:\/\/arapca.com\/index.php\/arapca-metinler\/","title":{"rendered":"Arap\u00e7a Metinler"},"content":{"rendered":"\n<p><a href=\"https:\/\/arapca.com\/index.php\/arapca-hikayeler\/\">Arap\u00e7a Hikayeler<\/a><\/p>\n\n\n\n<p><a href=\"https:\/\/arapca.com\/index.php\/arapca-dilbilgisi\/\">Dilbilgisi<\/a><\/p>\n\n\n\n<p><a href=\"https:\/\/arapca.com\/index.php\/arapca-metinler\/dini-metinler-2\/\">Dini Metinler<\/a><\/p>\n\n\n\n<p><a href=\"https:\/\/arapca.com\/index.php\/arapca-metinler\/sosyal-hayat\/\">Sosyal Hayat<\/a><\/p>\n\n\n\n<p><a href=\"http:\/\/Do\u011fa ve \u00c7evre\">Do\u011fa ve \u00c7evre<\/a><\/p>\n\n\n\n<p><a href=\"https:\/\/arapca.com\/index.php\/arapca-metinler\/edebi-metinler\/\">Edebi Metinler<\/a><\/p>\n\n\n\n<p><a href=\"https:\/\/arapca.com\/index.php\/arapca-metinler\/egitim-2\/\">E\u011fitim<\/a><\/p>\n\n\n\n<p><a href=\"https:\/\/arapca.com\/index.php\/arapca-metinler\/ekonomi\/\">Ekonomi<\/a><\/p>\n\n\n\n<p><a href=\"https:\/\/arapca.com\/index.php\/arapca-metinler\/kisisel-gelisim\/\">Ki\u015fisel Geli\u015fim<\/a><\/p>\n\n\n\n<p><a href=\"https:\/\/arapca.com\/index.php\/arapca-metinler\/saglik\/\">Sa\u011fl\u0131k<\/a><\/p>\n\n\n\n<p><a href=\"https:\/\/arapca.com\/index.php\/arapca-metinler\/tarihi-metinler\/\">Tarihi Metinler<\/a><\/p>\n\n\n\n<p><a href=\"https:\/\/arapca.com\/index.php\/teknoloji\/\">Teknoloji<\/a><\/p>\n\n\n\n<p><a href=\"https:\/\/arapca.com\/index.php\/arapca-metinler\/tip\/\">T\u0131p<\/a><\/p>\n\n\n\n<p><\/p>\n","protected":false},"excerpt":{"rendered":"<p>Arap\u00e7a Hikayeler Dilbilgisi Dini Metinler Sosyal Hayat Do\u011fa ve \u00c7evre Edebi Metinler E\u011fitim Ekonomi Ki\u015fisel Geli\u015fim Sa\u011fl\u0131k Tarihi Metinler Teknoloji T\u0131p<\/p>\n","protected":false},"author":1,"featured_media":0,"parent":0,"menu_order":0,"comment_status":"closed","ping_status":"closed","template":"","meta":{"_bbp_topic_count":0,"_bbp_reply_count":0,"_bbp_total_topic_count":0,"_bbp_total_reply_count":0,"_bbp_voice_count":0,"_bbp_anonymous_reply_count":0,"_bbp_topic_count_hidden":0,"_bbp_reply_count_hidden":0,"_bbp_forum_subforum_count":0,"footnotes":""},"class_list":["post-15799","page","type-page","status-publish","hentry"],"jetpack_sharing_enabled":true,"jetpack_likes_enabled":true,"_links":{"self":[{"href":"https:\/\/arapca.com\/index.php\/wp-json\/wp\/v2\/pages\/15799","targetHints":{"allow":["GET"]}}],"collection":[{"href":"https:\/\/arapca.com\/index.php\/wp-json\/wp\/v2\/pages"}],"about":[{"href":"https:\/\/arapca.com\/index.php\/wp-json\/wp\/v2\/types\/page"}],"author":[{"embeddable":true,"href":"https:\/\/arapca.com\/index.php\/wp-json\/wp\/v2\/users\/1"}],"replies":[{"embeddable":true,"href":"https:\/\/arapca.com\/index.php\/wp-json\/wp\/v2\/comments?post=15799"}],"version-history":[{"count":11,"href":"https:\/\/arapca.com\/index.php\/wp-json\/wp\/v2\/pages\/15799\/revisions"}],"predecessor-version":[{"id":22651,"href":"https:\/\/arapca.com\/index.php\/wp-json\/wp\/v2\/pages\/15799\/revisions\/22651"}],"wp:attachment":[{"href":"https:\/\/arapca.com\/index.php\/wp-json\/wp\/v2\/media?parent=15799"}],"curies":[{"name":"wp","href":"https:\/\/api.w.org\/{rel}","templated":true}]}}